{"id":2470,"date":"2022-05-29T16:37:02","date_gmt":"2022-05-29T21:37:02","guid":{"rendered":"https:\/\/colegioaleph.edu.pe\/academic-proposal\/"},"modified":"2022-07-26T16:43:55","modified_gmt":"2022-07-26T21:43:55","slug":"academic-proposal","status":"publish","type":"page","link":"https:\/\/colegioaleph.edu.pe\/en\/academic-proposal\/","title":{"rendered":"Academic proposal"},"content":{"rendered":"<p>[et_pb_section fb_built=&#8221;1&#8243; admin_label=&#8221;Encabezado&#8221; _builder_version=&#8221;4.17.4&#8243; _module_preset=&#8221;eb016ef1-3b03-4527-959e-2f7fbcb18ca4&#8243; background_color=&#8221;#81C9BB&#8221; locked=&#8221;off&#8221; collapsed=&#8221;on&#8221; global_colors_info=&#8221;{}&#8221;][et_pb_row _builder_version=&#8221;4.17.4&#8243; _module_preset=&#8221;default&#8221; global_colors_info=&#8221;{}&#8221;][et_pb_column type=&#8221;4_4&#8243; _builder_version=&#8221;4.17.4&#8243; _module_preset=&#8221;default&#8221; global_colors_info=&#8221;{}&#8221;][et_pb_text _builder_version=&#8221;4.17.4&#8243; _module_preset=&#8221;21fbd7fe-07ee-46e3-8be4-14e752b96beb&#8221; locked=&#8221;off&#8221; global_colors_info=&#8221;{}&#8221;]<\/p>\n<h1>Academic proposal<\/h1>\n<p>[\/et_pb_text][\/et_pb_column][\/et_pb_row][et_pb_row column_structure=&#8221;1_2,1_2&#8243; _builder_version=&#8221;4.17.4&#8243; _module_preset=&#8221;eece2313-dcfb-4fca-8cac-d2bb483aecba&#8221; custom_margin=&#8221;0px||||false|false&#8221; custom_padding=&#8221;0vw||4vw||false|false&#8221; global_colors_info=&#8221;{}&#8221;][et_pb_column type=&#8221;1_2&#8243; _builder_version=&#8221;4.17.4&#8243; _module_preset=&#8221;default&#8221; global_colors_info=&#8221;{}&#8221;][et_pb_text _builder_version=&#8221;4.17.4&#8243; _module_preset=&#8221;8005d9cc-4f71-43f2-bffb-adca1cd44124&#8243; locked=&#8221;off&#8221; global_colors_info=&#8221;{}&#8221;]At \u00c1leph, we design enriching and meaningful learning experiences that allow our students to consolidate the skills the national curriculum requires for each age group.[\/et_pb_text][et_pb_text _builder_version=&#8221;4.17.4&#8243; _module_preset=&#8221;default&#8221; text_text_color=&#8221;#FFFFFF&#8221; locked=&#8221;off&#8221; global_colors_info=&#8221;{}&#8221;]We use PBL (Project-Based Learning) as well as math, English and literacy labs to help our students obtain the best results, build congitive and emotional connections, enhance motivation, boost collaborative engagement, and invite students to reflect and take action.[\/et_pb_text][\/et_pb_column][et_pb_column type=&#8221;1_2&#8243; _builder_version=&#8221;4.17.4&#8243; _module_preset=&#8221;default&#8221; global_colors_info=&#8221;{}&#8221;][et_pb_image src=&#8221;https:\/\/colegioaleph.edu.pe\/wp-content\/uploads\/2022\/07\/propuesta-educativa.jpg&#8221; title_text=&#8221;propuesta-educativa&#8221; _builder_version=&#8221;4.17.4&#8243; _module_preset=&#8221;default&#8221; global_colors_info=&#8221;{}&#8221;][\/et_pb_image][\/et_pb_column][\/et_pb_row][\/et_pb_section][et_pb_section fb_built=&#8221;1&#8243; admin_label=&#8221;Posicionador&#8221; module_id=&#8221;posicionador&#8221; _builder_version=&#8221;4.17.4&#8243; _module_preset=&#8221;default&#8221; custom_margin=&#8221;0px||0px||false|false&#8221; custom_padding=&#8221;0px||0px||false|false&#8221; saved_tabs=&#8221;all&#8221; locked=&#8221;off&#8221; collapsed=&#8221;off&#8221; global_colors_info=&#8221;{}&#8221;][et_pb_row admin_label=&#8221;Fila&#8221; _builder_version=&#8221;4.17.4&#8243; _module_preset=&#8221;default&#8221; positioning=&#8221;absolute&#8221; position_origin_a=&#8221;bottom_center&#8221; vertical_offset=&#8221;30px&#8221; z_index=&#8221;5&#8243; vertical_offset_tablet=&#8221;&#8221; vertical_offset_phone=&#8221;&#8221; vertical_offset_last_edited=&#8221;on|phone&#8221; custom_margin=&#8221;0px||0px||false|false&#8221; custom_padding=&#8221;0px||0px||false|false&#8221; global_colors_info=&#8221;{}&#8221;][et_pb_column type=&#8221;4_4&#8243; _builder_version=&#8221;4.17.4&#8243; _module_preset=&#8221;default&#8221; global_colors_info=&#8221;{}&#8221;][et_pb_button button_url=&#8221;#posicionador&#8221; button_text=&#8221; &#8221; button_alignment=&#8221;center&#8221; admin_label=&#8221;Posicionador&#8221; _builder_version=&#8221;4.17.4&#8243; _module_preset=&#8221;7d180631-c73d-4ee9-81dc-6b09ef80b11e&#8221; transform_rotate=&#8221;0deg|0deg|90deg&#8221; custom_margin=&#8221;||0px||false|false&#8221; global_colors_info=&#8221;{}&#8221;][\/et_pb_button][et_pb_code disabled_on=&#8221;off|off|off&#8221; admin_label=&#8221;Velo&#8221; _builder_version=&#8221;4.17.4&#8243; _module_preset=&#8221;default&#8221; background_color=&#8221;rgba(255,255,255,0.1)&#8221; positioning=&#8221;absolute&#8221; position_origin_a=&#8221;top_right&#8221; vertical_offset=&#8221;-200px&#8221; horizontal_offset=&#8221;-300px&#8221; width=&#8221;1200px&#8221; width_tablet=&#8221;600px&#8221; width_phone=&#8221;&#8221; width_last_edited=&#8221;on|tablet&#8221; height=&#8221;1200px&#8221; height_tablet=&#8221;600px&#8221; height_phone=&#8221;&#8221; height_last_edited=&#8221;on|tablet&#8221; custom_css_main_element=&#8221;pointer-events:none;&#8221; border_radii=&#8221;off|1000px|1000px||1000px&#8221; global_colors_info=&#8221;{}&#8221;][\/et_pb_code][\/et_pb_column][\/et_pb_row][\/et_pb_section][et_pb_section fb_built=&#8221;1&#8243; admin_label=&#8221;Programas&#8221; _builder_version=&#8221;4.17.4&#8243; _module_preset=&#8221;default&#8221; custom_padding=&#8221;||||false|false&#8221; locked=&#8221;off&#8221; collapsed=&#8221;on&#8221; global_colors_info=&#8221;{}&#8221;][et_pb_row column_structure=&#8221;1_2,1_2&#8243; _builder_version=&#8221;4.17.4&#8243; _module_preset=&#8221;default&#8221; locked=&#8221;off&#8221; global_colors_info=&#8221;{}&#8221;][et_pb_column type=&#8221;1_2&#8243; _builder_version=&#8221;4.17.4&#8243; _module_preset=&#8221;default&#8221; global_colors_info=&#8221;{}&#8221;][et_pb_button button_url=&#8221;https:\/\/youtu.be\/X73bXuNXLOM&#8221; button_text=&#8221; &#8221; _builder_version=&#8221;4.17.4&#8243; _module_preset=&#8221;7e65eae9-a698-43b4-9852-552031538740&#8243; locked=&#8221;off&#8221; global_colors_info=&#8221;{}&#8221; custom_css_after__hover_enabled=&#8221;on|desktop&#8221;][\/et_pb_button][\/et_pb_column][et_pb_column type=&#8221;1_2&#8243; _builder_version=&#8221;4.17.4&#8243; _module_preset=&#8221;default&#8221; global_colors_info=&#8221;{}&#8221;][et_pb_text _builder_version=&#8221;4.17.4&#8243; _module_preset=&#8221;default&#8221; global_colors_info=&#8221;{}&#8221;]A fundamental tool that helps us put into practice our philosophy is desing thinking, tied to PBL (project-based learning), which allows us to work in highly motivated and interdisciplinary groups, whith performance based on innovation and creativity. At \u00c1leph, we encourage teamwork, systematic understanding of problems, the use of different persepctives during investigation which in turn helps students develop a broad range of academic and social emotional skills.<\/p>\n<p>\u00c1leph is an acronym for Active Learning and Philosophy, which is the methodology and philosophy that guides our purpose.<\/p>\n<p>The Active Learning Philosophy proposes that students should practice active and collaborative learning to adapt to real world issues. At \u00c1leph, students constantly explore, research, and work in teams on projects that incorporate a variety of disciplines, where students first design and then test the proposed solutions.[\/et_pb_text][et_pb_button button_url=&#8221;@ET-DC@eyJkeW5hbWljIjp0cnVlLCJjb250ZW50IjoicG9zdF9saW5rX3VybF9wYWdlIiwic2V0dGluZ3MiOnsicG9zdF9pZCI6IjE1MyJ9fQ==@&#8221; button_text=&#8221;Learn more&#8221; _builder_version=&#8221;4.17.4&#8243; _dynamic_attributes=&#8221;button_url&#8221; _module_preset=&#8221;7d180631-c73d-4ee9-81dc-6b09ef80b11e&#8221; button_text_color=&#8221;#606060&#8243; global_colors_info=&#8221;{}&#8221;][\/et_pb_button][\/et_pb_column][\/et_pb_row][\/et_pb_section][et_pb_section fb_built=&#8221;1&#8243; custom_padding_last_edited=&#8221;on|phone&#8221; admin_label=&#8221;Paginador ( anterior | siguiente )&#8221; _builder_version=&#8221;4.17.4&#8243; _module_preset=&#8221;default&#8221; background_color=&#8221;#f4f4f4&#8243; custom_margin_last_edited=&#8221;off|phone&#8221; custom_padding_tablet=&#8221;&#8221; custom_padding_phone=&#8221;0px||0px||false|false&#8221; saved_tabs=&#8221;all&#8221; collapsed=&#8221;off&#8221; global_colors_info=&#8221;{}&#8221;][et_pb_row column_structure=&#8221;1_2,1_2&#8243; use_custom_gutter=&#8221;on&#8221; gutter_width=&#8221;1&#8243; make_equal=&#8221;on&#8221; _builder_version=&#8221;4.17.4&#8243; _module_preset=&#8221;default&#8221; custom_css_main_element=&#8221;display: flex;&#8221; global_colors_info=&#8221;{}&#8221; custom_css_main_element_last_edited=&#8221;on|phone&#8221; custom_css_main_element_phone=&#8221;display:block;&#8221; custom_css_main_element_tablet=&#8221;display: flex;&#8221;][et_pb_column type=&#8221;1_2&#8243; _builder_version=&#8221;4.17.4&#8243; _module_preset=&#8221;default&#8221; custom_padding_tablet=&#8221;&#8221; custom_padding_phone=&#8221;||20px||false|false&#8221; custom_padding_last_edited=&#8221;on|phone&#8221; border_width_right=&#8221;1px&#8221; border_color_right=&#8221;#6981A5&#8243; border_color_bottom=&#8221;#6981A5&#8243; border_style_bottom=&#8221;solid&#8221; border_width_right_tablet=&#8221;&#8221; border_width_right_phone=&#8221;0px&#8221; border_width_right_last_edited=&#8221;on|phone&#8221; border_width_bottom_tablet=&#8221;&#8221; border_width_bottom_phone=&#8221;1px&#8221; border_width_bottom_last_edited=&#8221;on|phone&#8221; global_colors_info=&#8221;{}&#8221;][et_pb_button button_url=&#8221;#&#8221; button_text=&#8221;Anterior&#8221; button_alignment=&#8221;left&#8221; button_alignment_tablet=&#8221;&#8221; button_alignment_phone=&#8221;center&#8221; button_alignment_last_edited=&#8221;on|phone&#8221; module_class=&#8221;boton-anteriorpagina&#8221; _builder_version=&#8221;4.17.4&#8243; _module_preset=&#8221;default&#8221; custom_button=&#8221;on&#8221; button_text_size=&#8221;24px&#8221; button_border_width=&#8221;0px&#8221; button_font=&#8221;Adelle||||||||&#8221; button_icon=&#8221;&#x34;||divi||400&#8243; button_on_hover=&#8221;off&#8221; custom_padding=&#8221;|0.75em||1.5em|false|false&#8221; button_text_size_tablet=&#8221;20px&#8221; button_text_size_phone=&#8221;&#8221; button_text_size_last_edited=&#8221;on|tablet&#8221; custom_css_after=&#8221;left: 0.15em !important;||margin:0 !important;||transform: scale(2);&#8221; global_colors_info=&#8221;{}&#8221;][\/et_pb_button][\/et_pb_column][et_pb_column type=&#8221;1_2&#8243; _builder_version=&#8221;4.17.4&#8243; _module_preset=&#8221;default&#8221; custom_padding_tablet=&#8221;&#8221; custom_padding_phone=&#8221;20px||||false|false&#8221; custom_padding_last_edited=&#8221;on|phone&#8221; global_colors_info=&#8221;{}&#8221;][et_pb_button button_url=&#8221;#&#8221; button_text=&#8221;Siguiente&#8221; button_alignment=&#8221;right&#8221; button_alignment_tablet=&#8221;&#8221; button_alignment_phone=&#8221;center&#8221; button_alignment_last_edited=&#8221;on|phone&#8221; module_class=&#8221;boton-siguientepagina&#8221; _builder_version=&#8221;4.17.4&#8243; _module_preset=&#8221;default&#8221; custom_button=&#8221;on&#8221; button_text_size=&#8221;24px&#8221; button_border_width=&#8221;0px&#8221; button_font=&#8221;Adelle||||||||&#8221; button_icon=&#8221;&#x35;||divi||400&#8243; button_on_hover=&#8221;off&#8221; custom_padding=&#8221;|1.5em||0.75em|false|false&#8221; button_text_size_tablet=&#8221;20px&#8221; button_text_size_phone=&#8221;&#8221; button_text_size_last_edited=&#8221;on|tablet&#8221; custom_css_after=&#8221;margin:0 !important;||right: 0.15em !important;||transform: scale(2);&#8221; global_colors_info=&#8221;{}&#8221;][\/et_pb_button][\/et_pb_column][\/et_pb_row][\/et_pb_section]<\/p>\n","protected":false},"excerpt":{"rendered":"<p>Academic proposalAt \u00c1leph, we design enriching and meaningful learning experiences that allow our students to consolidate the skills the national curriculum requires for each age group.We use PBL (Project-Based Learning) as well as math, English and literacy labs to help our students obtain the best results, build congitive and emotional connections, enhance motivation, boost collaborative [&hellip;]<\/p>\n","protected":false},"author":1,"featured_media":0,"parent":0,"menu_order":2,"comment_status":"closed","ping_status":"closed","template":"","meta":{"_et_pb_use_builder":"on","_et_pb_old_content":"","_et_gb_content_width":"","footnotes":""},"yoast_head":"<!-- This site is optimized with the Yoast SEO plugin v19.7.1 - https:\/\/yoast.com\/wordpress\/plugins\/seo\/ -->\n<title>\u00c1leph School - Academic proposal<\/title>\n<meta name=\"description\" content=\"We design enriching and meaningful learning experiences that allow our students to consolidate the skills the national curriculum requires for each age group.\" \/>\n<meta name=\"robots\" content=\"index, follow, max-snippet:-1, max-image-preview:large, max-video-preview:-1\" \/>\n<link rel=\"canonical\" href=\"https:\/\/colegioaleph.edu.pe\/en\/academic-proposal\/\" \/>\n<meta property=\"og:locale\" content=\"en_US\" \/>\n<meta property=\"og:type\" content=\"article\" \/>\n<meta property=\"og:title\" content=\"\u00c1leph School - Academic proposal\" \/>\n<meta property=\"og:description\" content=\"We design enriching and meaningful learning experiences that allow our students to consolidate the skills the national curriculum requires for each age group.\" \/>\n<meta property=\"og:url\" content=\"https:\/\/colegioaleph.edu.pe\/en\/academic-proposal\/\" \/>\n<meta property=\"og:site_name\" content=\"Aleph :: Sitio Web\" \/>\n<meta property=\"article:modified_time\" content=\"2022-07-26T21:43:55+00:00\" \/>\n<meta name=\"twitter:card\" content=\"summary_large_image\" \/>\n<meta name=\"twitter:label1\" content=\"Est. reading time\" \/>\n\t<meta name=\"twitter:data1\" content=\"6 minutes\" \/>\n<script type=\"application\/ld+json\" class=\"yoast-schema-graph\">{\"@context\":\"https:\/\/schema.org\",\"@graph\":[{\"@type\":\"WebPage\",\"@id\":\"https:\/\/colegioaleph.edu.pe\/en\/academic-proposal\/\",\"url\":\"https:\/\/colegioaleph.edu.pe\/en\/academic-proposal\/\",\"name\":\"\u00c1leph School - Academic proposal\",\"isPartOf\":{\"@id\":\"https:\/\/colegioaleph.edu.pe\/en\/#website\"},\"datePublished\":\"2022-05-29T21:37:02+00:00\",\"dateModified\":\"2022-07-26T21:43:55+00:00\",\"description\":\"We design enriching and meaningful learning experiences that allow our students to consolidate the skills the national curriculum requires for each age group.\",\"breadcrumb\":{\"@id\":\"https:\/\/colegioaleph.edu.pe\/en\/academic-proposal\/#breadcrumb\"},\"inLanguage\":\"en-US\",\"potentialAction\":[{\"@type\":\"ReadAction\",\"target\":[\"https:\/\/colegioaleph.edu.pe\/en\/academic-proposal\/\"]}]},{\"@type\":\"BreadcrumbList\",\"@id\":\"https:\/\/colegioaleph.edu.pe\/en\/academic-proposal\/#breadcrumb\",\"itemListElement\":[{\"@type\":\"ListItem\",\"position\":1,\"name\":\"Portada\",\"item\":\"https:\/\/colegioaleph.edu.pe\/en\/home\/\"},{\"@type\":\"ListItem\",\"position\":2,\"name\":\"Academic proposal\"}]},{\"@type\":\"WebSite\",\"@id\":\"https:\/\/colegioaleph.edu.pe\/en\/#website\",\"url\":\"https:\/\/colegioaleph.edu.pe\/en\/\",\"name\":\"Aleph :: Sitio Web\",\"description\":\"Somos una comunidad educativa innovadora de educaci\u00f3n b\u00e1sica, conformada por ni\u00f1os, padres y maestros.\",\"potentialAction\":[{\"@type\":\"SearchAction\",\"target\":{\"@type\":\"EntryPoint\",\"urlTemplate\":\"https:\/\/colegioaleph.edu.pe\/en\/?s={search_term_string}\"},\"query-input\":\"required name=search_term_string\"}],\"inLanguage\":\"en-US\"}]}<\/script>\n<!-- \/ Yoast SEO plugin. -->","yoast_head_json":{"title":"\u00c1leph School - Academic proposal","description":"We design enriching and meaningful learning experiences that allow our students to consolidate the skills the national curriculum requires for each age group.","robots":{"index":"index","follow":"follow","max-snippet":"max-snippet:-1","max-image-preview":"max-image-preview:large","max-video-preview":"max-video-preview:-1"},"canonical":"https:\/\/colegioaleph.edu.pe\/en\/academic-proposal\/","og_locale":"en_US","og_type":"article","og_title":"\u00c1leph School - Academic proposal","og_description":"We design enriching and meaningful learning experiences that allow our students to consolidate the skills the national curriculum requires for each age group.","og_url":"https:\/\/colegioaleph.edu.pe\/en\/academic-proposal\/","og_site_name":"Aleph :: Sitio Web","article_modified_time":"2022-07-26T21:43:55+00:00","twitter_card":"summary_large_image","twitter_misc":{"Est. reading time":"6 minutes"},"schema":{"@context":"https:\/\/schema.org","@graph":[{"@type":"WebPage","@id":"https:\/\/colegioaleph.edu.pe\/en\/academic-proposal\/","url":"https:\/\/colegioaleph.edu.pe\/en\/academic-proposal\/","name":"\u00c1leph School - Academic proposal","isPartOf":{"@id":"https:\/\/colegioaleph.edu.pe\/en\/#website"},"datePublished":"2022-05-29T21:37:02+00:00","dateModified":"2022-07-26T21:43:55+00:00","description":"We design enriching and meaningful learning experiences that allow our students to consolidate the skills the national curriculum requires for each age group.","breadcrumb":{"@id":"https:\/\/colegioaleph.edu.pe\/en\/academic-proposal\/#breadcrumb"},"inLanguage":"en-US","potentialAction":[{"@type":"ReadAction","target":["https:\/\/colegioaleph.edu.pe\/en\/academic-proposal\/"]}]},{"@type":"BreadcrumbList","@id":"https:\/\/colegioaleph.edu.pe\/en\/academic-proposal\/#breadcrumb","itemListElement":[{"@type":"ListItem","position":1,"name":"Portada","item":"https:\/\/colegioaleph.edu.pe\/en\/home\/"},{"@type":"ListItem","position":2,"name":"Academic proposal"}]},{"@type":"WebSite","@id":"https:\/\/colegioaleph.edu.pe\/en\/#website","url":"https:\/\/colegioaleph.edu.pe\/en\/","name":"Aleph :: Sitio Web","description":"Somos una comunidad educativa innovadora de educaci\u00f3n b\u00e1sica, conformada por ni\u00f1os, padres y maestros.","potentialAction":[{"@type":"SearchAction","target":{"@type":"EntryPoint","urlTemplate":"https:\/\/colegioaleph.edu.pe\/en\/?s={search_term_string}"},"query-input":"required name=search_term_string"}],"inLanguage":"en-US"}]}},"_links":{"self":[{"href":"https:\/\/colegioaleph.edu.pe\/en\/wp-json\/wp\/v2\/pages\/2470"}],"collection":[{"href":"https:\/\/colegioaleph.edu.pe\/en\/wp-json\/wp\/v2\/pages"}],"about":[{"href":"https:\/\/colegioaleph.edu.pe\/en\/wp-json\/wp\/v2\/types\/page"}],"author":[{"embeddable":true,"href":"https:\/\/colegioaleph.edu.pe\/en\/wp-json\/wp\/v2\/users\/1"}],"replies":[{"embeddable":true,"href":"https:\/\/colegioaleph.edu.pe\/en\/wp-json\/wp\/v2\/comments?post=2470"}],"version-history":[{"count":5,"href":"https:\/\/colegioaleph.edu.pe\/en\/wp-json\/wp\/v2\/pages\/2470\/revisions"}],"predecessor-version":[{"id":2799,"href":"https:\/\/colegioaleph.edu.pe\/en\/wp-json\/wp\/v2\/pages\/2470\/revisions\/2799"}],"wp:attachment":[{"href":"https:\/\/colegioaleph.edu.pe\/en\/wp-json\/wp\/v2\/media?parent=2470"}],"curies":[{"name":"wp","href":"https:\/\/api.w.org\/{rel}","templated":true}]}}