{"id":2478,"date":"2022-05-29T16:36:29","date_gmt":"2022-05-29T21:36:29","guid":{"rendered":"https:\/\/colegioaleph.edu.pe\/nosotros\/"},"modified":"2022-07-26T16:16:42","modified_gmt":"2022-07-26T21:16:42","slug":"about","status":"publish","type":"page","link":"https:\/\/colegioaleph.edu.pe\/en\/about\/","title":{"rendered":"About \u00c1leph"},"content":{"rendered":"<p>[et_pb_section fb_built=&#8221;1&#8243; admin_label=&#8221;Encabezado&#8221; _builder_version=&#8221;4.17.4&#8243; _module_preset=&#8221;eb016ef1-3b03-4527-959e-2f7fbcb18ca4&#8243; locked=&#8221;off&#8221; collapsed=&#8221;on&#8221; global_colors_info=&#8221;{}&#8221;][et_pb_row _builder_version=&#8221;4.17.4&#8243; _module_preset=&#8221;default&#8221; global_colors_info=&#8221;{}&#8221;][et_pb_column type=&#8221;4_4&#8243; _builder_version=&#8221;4.17.4&#8243; _module_preset=&#8221;default&#8221; global_colors_info=&#8221;{}&#8221;][et_pb_text _builder_version=&#8221;4.17.4&#8243; _module_preset=&#8221;21fbd7fe-07ee-46e3-8be4-14e752b96beb&#8221; locked=&#8221;off&#8221; global_colors_info=&#8221;{}&#8221;]<\/p>\n<h1>About \u00c1leph<\/h1>\n<p>[\/et_pb_text][\/et_pb_column][\/et_pb_row][et_pb_row column_structure=&#8221;1_2,1_2&#8243; _builder_version=&#8221;4.17.4&#8243; _module_preset=&#8221;default&#8221; custom_margin=&#8221;0px||||false|false&#8221; custom_padding=&#8221;0px||||false|false&#8221; global_colors_info=&#8221;{}&#8221;][et_pb_column type=&#8221;1_2&#8243; _builder_version=&#8221;4.17.4&#8243; _module_preset=&#8221;default&#8221; global_colors_info=&#8221;{}&#8221;][et_pb_text _builder_version=&#8221;4.17.4&#8243; _module_preset=&#8221;default&#8221; text_font=&#8221;Helvetica Neue|700|||||||&#8221; text_text_color=&#8221;#FFFFFF&#8221; text_font_size=&#8221;24px&#8221; text_line_height=&#8221;1.4em&#8221; locked=&#8221;off&#8221; global_colors_info=&#8221;{}&#8221;]We are an innovative educational community made up of children, parents and teachers. [\/et_pb_text][et_pb_text _builder_version=&#8221;4.17.4&#8243; _module_preset=&#8221;default&#8221; text_text_color=&#8221;#FFFFFF&#8221; min_height=&#8221;107.6px&#8221; locked=&#8221;off&#8221; global_colors_info=&#8221;{}&#8221;]Together we build meaningful learning experiences that allow us to grow as citizens and to design creative and innovative proposals that will better our quality of life and that of our community.<\/p>\n<p>We are a bilingual school that is characterized by its commitment to investigation, creativity, and the design of fundamental strategies to construct knowledge. We view the school as a space for creative risk-taking and as an innnovation incubator.[\/et_pb_text][\/et_pb_column][et_pb_column type=&#8221;1_2&#8243; _builder_version=&#8221;4.17.4&#8243; _module_preset=&#8221;default&#8221; global_colors_info=&#8221;{}&#8221;][et_pb_image src=&#8221;https:\/\/colegioaleph.edu.pe\/wp-content\/uploads\/2022\/07\/nosotros.jpg&#8221; title_text=&#8221;about&#8221; _builder_version=&#8221;4.17.4&#8243; _module_preset=&#8221;default&#8221; global_colors_info=&#8221;{}&#8221;][\/et_pb_image][\/et_pb_column][\/et_pb_row][\/et_pb_section][et_pb_section fb_built=&#8221;1&#8243; admin_label=&#8221;Posicionador&#8221; module_id=&#8221;posicionador&#8221; _builder_version=&#8221;4.17.4&#8243; _module_preset=&#8221;default&#8221; custom_margin=&#8221;0px||0px||false|false&#8221; custom_padding=&#8221;0px||0px||false|false&#8221; global_module=&#8221;599&#8243; saved_tabs=&#8221;all&#8221; locked=&#8221;off&#8221; collapsed=&#8221;off&#8221; global_colors_info=&#8221;{}&#8221;][et_pb_row admin_label=&#8221;Fila&#8221; _builder_version=&#8221;4.17.4&#8243; _module_preset=&#8221;default&#8221; positioning=&#8221;absolute&#8221; position_origin_a=&#8221;bottom_center&#8221; vertical_offset=&#8221;30px&#8221; z_index=&#8221;5&#8243; vertical_offset_tablet=&#8221;&#8221; vertical_offset_phone=&#8221;&#8221; vertical_offset_last_edited=&#8221;on|phone&#8221; custom_margin=&#8221;0px||0px||false|false&#8221; custom_padding=&#8221;0px||0px||false|false&#8221; global_colors_info=&#8221;{}&#8221;][et_pb_column type=&#8221;4_4&#8243; _builder_version=&#8221;4.17.4&#8243; _module_preset=&#8221;default&#8221; global_colors_info=&#8221;{}&#8221;][et_pb_button button_url=&#8221;#posicionador&#8221; button_text=&#8221; &#8221; button_alignment=&#8221;center&#8221; admin_label=&#8221;Posicionador&#8221; _builder_version=&#8221;4.17.4&#8243; _module_preset=&#8221;7d180631-c73d-4ee9-81dc-6b09ef80b11e&#8221; transform_rotate=&#8221;0deg|0deg|90deg&#8221; custom_margin=&#8221;||0px||false|false&#8221; global_colors_info=&#8221;{}&#8221;][\/et_pb_button][et_pb_code disabled_on=&#8221;off|off|off&#8221; admin_label=&#8221;Velo&#8221; _builder_version=&#8221;4.17.4&#8243; _module_preset=&#8221;default&#8221; background_color=&#8221;rgba(255,255,255,0.1)&#8221; positioning=&#8221;absolute&#8221; position_origin_a=&#8221;top_right&#8221; vertical_offset=&#8221;-200px&#8221; horizontal_offset=&#8221;-300px&#8221; width=&#8221;1200px&#8221; width_tablet=&#8221;600px&#8221; width_phone=&#8221;&#8221; width_last_edited=&#8221;on|tablet&#8221; height=&#8221;1200px&#8221; height_tablet=&#8221;600px&#8221; height_phone=&#8221;&#8221; height_last_edited=&#8221;on|tablet&#8221; custom_css_main_element=&#8221;pointer-events:none;&#8221; border_radii=&#8221;off|1000px|1000px||1000px&#8221; global_colors_info=&#8221;{}&#8221;][\/et_pb_code][\/et_pb_column][\/et_pb_row][\/et_pb_section][et_pb_section fb_built=&#8221;1&#8243; admin_label=&#8221;Programas&#8221; _builder_version=&#8221;4.17.4&#8243; _module_preset=&#8221;default&#8221; custom_padding=&#8221;||||false|false&#8221; locked=&#8221;off&#8221; collapsed=&#8221;on&#8221; global_colors_info=&#8221;{}&#8221;][et_pb_row _builder_version=&#8221;4.17.4&#8243; _module_preset=&#8221;default&#8221; global_colors_info=&#8221;{}&#8221;][et_pb_column type=&#8221;4_4&#8243; _builder_version=&#8221;4.17.4&#8243; _module_preset=&#8221;default&#8221; global_colors_info=&#8221;{}&#8221;][et_pb_text _builder_version=&#8221;4.17.4&#8243; _module_preset=&#8221;0dfab01b-3f62-43b4-a04a-52ac64f90ab9&#8243; header_2_font=&#8221;||||||||&#8221; header_2_text_color=&#8221;#6981A5&#8243; max_width=&#8221;900px&#8221; module_alignment=&#8221;center&#8221; global_colors_info=&#8221;{}&#8221;]<\/p>\n<h2>\u00c1leph is part of <strong>Grupo Educativo Transforma<\/strong> which is made up of three other institutions:<\/h2>\n<p>[\/et_pb_text][\/et_pb_column][\/et_pb_row][et_pb_row column_structure=&#8221;1_3,1_3,1_3&#8243; custom_padding_last_edited=&#8221;on|tablet&#8221; _builder_version=&#8221;4.17.4&#8243; _module_preset=&#8221;default&#8221; custom_padding_tablet=&#8221;0px||||false|false&#8221; custom_padding_phone=&#8221;0px||||false|false&#8221; global_colors_info=&#8221;{}&#8221;][et_pb_column type=&#8221;1_3&#8243; _builder_version=&#8221;4.17.4&#8243; _module_preset=&#8221;default&#8221; global_colors_info=&#8221;{}&#8221;][et_pb_image src=&#8221;https:\/\/colegioaleph.edu.pe\/wp-content\/uploads\/2022\/06\/logo-la-casa-amarilla.png&#8221; title_text=&#8221;Logo La Casa Amarilla&#8221; _builder_version=&#8221;4.17.4&#8243; _module_preset=&#8221;default&#8221; background_color=&#8221;#f4f4f4&#8243; custom_padding=&#8221;10px||10px||true|false&#8221; global_colors_info=&#8221;{}&#8221;][\/et_pb_image][et_pb_text _builder_version=&#8221;4.17.4&#8243; _module_preset=&#8221;default&#8221; text_font=&#8221;Helvetica Neue|700|||||||&#8221; text_text_color=&#8221;#6981A5&#8243; text_font_size=&#8221;24px&#8221; text_line_height=&#8221;1.4em&#8221; locked=&#8221;off&#8221; global_colors_info=&#8221;{}&#8221;]<\/p>\n<p>La Casa Amarilla<\/p>\n<p>[\/et_pb_text][et_pb_text _builder_version=&#8221;4.17.4&#8243; _module_preset=&#8221;default&#8221; text_text_color=&#8221;#606060&#8243; global_colors_info=&#8221;{}&#8221;]<\/p>\n<p>An Early Years institution with the objective of helping children reach their maximum potential through enriched everyday life experiences, a high level of partiticipation in community life for the families, learning experiences with high cognitive demand, and quality social interactions.<\/p>\n<p>[\/et_pb_text][\/et_pb_column][et_pb_column type=&#8221;1_3&#8243; _builder_version=&#8221;4.17.4&#8243; _module_preset=&#8221;default&#8221; global_colors_info=&#8221;{}&#8221;][et_pb_image src=&#8221;https:\/\/colegioaleph.edu.pe\/wp-content\/uploads\/2022\/06\/logo-transforma.png&#8221; title_text=&#8221;Logo Transforma&#8221; _builder_version=&#8221;4.17.4&#8243; _module_preset=&#8221;default&#8221; background_color=&#8221;rgba(129,201,187,0.19)&#8221; custom_padding=&#8221;10px||10px||true|false&#8221; global_colors_info=&#8221;{}&#8221;][\/et_pb_image][et_pb_text _builder_version=&#8221;4.17.4&#8243; _module_preset=&#8221;default&#8221; text_font=&#8221;Helvetica Neue|700|||||||&#8221; text_text_color=&#8221;#6981A5&#8243; text_font_size=&#8221;24px&#8221; text_line_height=&#8221;1.4em&#8221; locked=&#8221;off&#8221; global_colors_info=&#8221;{}&#8221;]<\/p>\n<p>Transforma<\/p>\n<p>[\/et_pb_text][et_pb_text _builder_version=&#8221;4.17.4&#8243; _module_preset=&#8221;default&#8221; text_text_color=&#8221;#606060&#8243; global_colors_info=&#8221;{}&#8221;]<\/p>\n<p>A learning accompaniment program for Early Years institutions (private and public) whose objective is to create educational spaces that inspire others and contribute to the development of Early Years education in Per\u00fa.<\/p>\n<p>[\/et_pb_text][\/et_pb_column][et_pb_column type=&#8221;1_3&#8243; _builder_version=&#8221;4.17.4&#8243; _module_preset=&#8221;default&#8221; global_colors_info=&#8221;{}&#8221;][et_pb_image src=&#8221;https:\/\/colegioaleph.edu.pe\/wp-content\/uploads\/2022\/06\/logo-dinamica.png&#8221; title_text=&#8221;Logo Dinamica&#8221; _builder_version=&#8221;4.17.4&#8243; _module_preset=&#8221;default&#8221; background_color=&#8221;#f9e8de&#8221; custom_padding=&#8221;10px||10px||true|false&#8221; global_colors_info=&#8221;{}&#8221;][\/et_pb_image][et_pb_text _builder_version=&#8221;4.17.4&#8243; _module_preset=&#8221;default&#8221; text_font=&#8221;Helvetica Neue|700|||||||&#8221; text_text_color=&#8221;#6981A5&#8243; text_font_size=&#8221;24px&#8221; text_line_height=&#8221;1.4em&#8221; locked=&#8221;off&#8221; global_colors_info=&#8221;{}&#8221;]<\/p>\n<p>Din\u00e1mica<\/p>\n<p>[\/et_pb_text][et_pb_text _builder_version=&#8221;4.17.4&#8243; _module_preset=&#8221;default&#8221; text_text_color=&#8221;#606060&#8243; global_colors_info=&#8221;{}&#8221;]A center for professional development in education, which also offers consulting in Early Years and Primary education through different modalities like: workshops, exhibitions, postgraduate programs, advise, school visits, laboratories, and seminars. Din\u00e1mica aims to make an impact on the quality of Early Years and Primary education in our country and our region.[\/et_pb_text][\/et_pb_column][\/et_pb_row][\/et_pb_section][et_pb_section fb_built=&#8221;1&#8243; custom_padding_last_edited=&#8221;on|phone&#8221; admin_label=&#8221;Paginador ( anterior | siguiente )&#8221; _builder_version=&#8221;4.17.4&#8243; _module_preset=&#8221;default&#8221; background_color=&#8221;#f4f4f4&#8243; custom_margin_last_edited=&#8221;off|phone&#8221; custom_padding_tablet=&#8221;&#8221; custom_padding_phone=&#8221;0px||0px||false|false&#8221; global_module=&#8221;1392&#8243; saved_tabs=&#8221;all&#8221; collapsed=&#8221;off&#8221; global_colors_info=&#8221;{}&#8221;][et_pb_row column_structure=&#8221;1_2,1_2&#8243; use_custom_gutter=&#8221;on&#8221; gutter_width=&#8221;1&#8243; make_equal=&#8221;on&#8221; _builder_version=&#8221;4.17.4&#8243; _module_preset=&#8221;default&#8221; custom_css_main_element=&#8221;display: flex;&#8221; global_colors_info=&#8221;{}&#8221; custom_css_main_element_last_edited=&#8221;on|phone&#8221; custom_css_main_element_phone=&#8221;display:block;&#8221; custom_css_main_element_tablet=&#8221;display: flex;&#8221;][et_pb_column type=&#8221;1_2&#8243; _builder_version=&#8221;4.17.4&#8243; _module_preset=&#8221;default&#8221; custom_padding_tablet=&#8221;&#8221; custom_padding_phone=&#8221;||20px||false|false&#8221; custom_padding_last_edited=&#8221;on|phone&#8221; border_width_right=&#8221;1px&#8221; border_color_right=&#8221;#6981A5&#8243; border_color_bottom=&#8221;#6981A5&#8243; border_style_bottom=&#8221;solid&#8221; border_width_right_tablet=&#8221;&#8221; border_width_right_phone=&#8221;0px&#8221; border_width_right_last_edited=&#8221;on|phone&#8221; border_width_bottom_tablet=&#8221;&#8221; border_width_bottom_phone=&#8221;1px&#8221; border_width_bottom_last_edited=&#8221;on|phone&#8221; global_colors_info=&#8221;{}&#8221;][et_pb_button button_url=&#8221;#&#8221; button_text=&#8221;Anterior&#8221; button_alignment=&#8221;left&#8221; button_alignment_tablet=&#8221;&#8221; button_alignment_phone=&#8221;center&#8221; button_alignment_last_edited=&#8221;on|phone&#8221; module_class=&#8221;boton-anteriorpagina&#8221; _builder_version=&#8221;4.17.4&#8243; _module_preset=&#8221;default&#8221; custom_button=&#8221;on&#8221; button_text_size=&#8221;24px&#8221; button_border_width=&#8221;0px&#8221; button_font=&#8221;Adelle||||||||&#8221; button_icon=&#8221;&#x34;||divi||400&#8243; button_on_hover=&#8221;off&#8221; custom_padding=&#8221;|0.75em||1.5em|false|false&#8221; button_text_size_tablet=&#8221;20px&#8221; button_text_size_phone=&#8221;&#8221; button_text_size_last_edited=&#8221;on|tablet&#8221; custom_css_after=&#8221;left: 0.15em !important;||margin:0 !important;||transform: scale(2);&#8221; global_colors_info=&#8221;{}&#8221;][\/et_pb_button][\/et_pb_column][et_pb_column type=&#8221;1_2&#8243; _builder_version=&#8221;4.17.4&#8243; _module_preset=&#8221;default&#8221; custom_padding_tablet=&#8221;&#8221; custom_padding_phone=&#8221;20px||||false|false&#8221; custom_padding_last_edited=&#8221;on|phone&#8221; global_colors_info=&#8221;{}&#8221;][et_pb_button button_url=&#8221;#&#8221; button_text=&#8221;Siguiente&#8221; button_alignment=&#8221;right&#8221; button_alignment_tablet=&#8221;&#8221; button_alignment_phone=&#8221;center&#8221; button_alignment_last_edited=&#8221;on|phone&#8221; module_class=&#8221;boton-siguientepagina&#8221; _builder_version=&#8221;4.17.4&#8243; _module_preset=&#8221;default&#8221; custom_button=&#8221;on&#8221; button_text_size=&#8221;24px&#8221; button_border_width=&#8221;0px&#8221; button_font=&#8221;Adelle||||||||&#8221; button_icon=&#8221;&#x35;||divi||400&#8243; button_on_hover=&#8221;off&#8221; custom_padding=&#8221;|1.5em||0.75em|false|false&#8221; button_text_size_tablet=&#8221;20px&#8221; button_text_size_phone=&#8221;&#8221; button_text_size_last_edited=&#8221;on|tablet&#8221; custom_css_after=&#8221;margin:0 !important;||right: 0.15em !important;||transform: scale(2);&#8221; global_colors_info=&#8221;{}&#8221;][\/et_pb_button][\/et_pb_column][\/et_pb_row][\/et_pb_section]<\/p>\n","protected":false},"excerpt":{"rendered":"<p>About \u00c1lephWe are an innovative educational community made up of children, parents and teachers. Together we build meaningful learning experiences that allow us to grow as citizens and to design creative and innovative proposals that will better our quality of life and that of our community. We are a bilingual school that is characterized by [&hellip;]<\/p>\n","protected":false},"author":1,"featured_media":0,"parent":0,"menu_order":1,"comment_status":"closed","ping_status":"closed","template":"","meta":{"_et_pb_use_builder":"on","_et_pb_old_content":"","_et_gb_content_width":"","footnotes":""},"yoast_head":"<!-- This site is optimized with the Yoast SEO plugin v19.7.1 - https:\/\/yoast.com\/wordpress\/plugins\/seo\/ -->\n<title>\u00c1leph School - About \u00c1leph<\/title>\n<meta name=\"description\" content=\"We are a bilingual school that is characterized by its commitment to investigation, creativity, and the design of fundamental strategies to construct knowledge.\" \/>\n<meta name=\"robots\" content=\"index, follow, max-snippet:-1, max-image-preview:large, max-video-preview:-1\" \/>\n<link rel=\"canonical\" href=\"https:\/\/colegioaleph.edu.pe\/en\/about\/\" \/>\n<meta property=\"og:locale\" content=\"en_US\" \/>\n<meta property=\"og:type\" content=\"article\" \/>\n<meta property=\"og:title\" content=\"\u00c1leph School - About \u00c1leph\" \/>\n<meta property=\"og:description\" content=\"We are a bilingual school that is characterized by its commitment to investigation, creativity, and the design of fundamental strategies to construct knowledge.\" \/>\n<meta property=\"og:url\" content=\"https:\/\/colegioaleph.edu.pe\/en\/about\/\" \/>\n<meta property=\"og:site_name\" content=\"Aleph :: Sitio Web\" \/>\n<meta property=\"article:modified_time\" content=\"2022-07-26T21:16:42+00:00\" \/>\n<meta name=\"twitter:card\" content=\"summary_large_image\" \/>\n<meta name=\"twitter:label1\" content=\"Est. reading time\" \/>\n\t<meta name=\"twitter:data1\" content=\"8 minutes\" \/>\n<script type=\"application\/ld+json\" class=\"yoast-schema-graph\">{\"@context\":\"https:\/\/schema.org\",\"@graph\":[{\"@type\":\"WebPage\",\"@id\":\"https:\/\/colegioaleph.edu.pe\/en\/about\/\",\"url\":\"https:\/\/colegioaleph.edu.pe\/en\/about\/\",\"name\":\"\u00c1leph School - About \u00c1leph\",\"isPartOf\":{\"@id\":\"https:\/\/colegioaleph.edu.pe\/en\/#website\"},\"datePublished\":\"2022-05-29T21:36:29+00:00\",\"dateModified\":\"2022-07-26T21:16:42+00:00\",\"description\":\"We are a bilingual school that is characterized by its commitment to investigation, creativity, and the design of fundamental strategies to construct knowledge.\",\"breadcrumb\":{\"@id\":\"https:\/\/colegioaleph.edu.pe\/en\/about\/#breadcrumb\"},\"inLanguage\":\"en-US\",\"potentialAction\":[{\"@type\":\"ReadAction\",\"target\":[\"https:\/\/colegioaleph.edu.pe\/en\/about\/\"]}]},{\"@type\":\"BreadcrumbList\",\"@id\":\"https:\/\/colegioaleph.edu.pe\/en\/about\/#breadcrumb\",\"itemListElement\":[{\"@type\":\"ListItem\",\"position\":1,\"name\":\"Portada\",\"item\":\"https:\/\/colegioaleph.edu.pe\/en\/home\/\"},{\"@type\":\"ListItem\",\"position\":2,\"name\":\"About \u00c1leph\"}]},{\"@type\":\"WebSite\",\"@id\":\"https:\/\/colegioaleph.edu.pe\/en\/#website\",\"url\":\"https:\/\/colegioaleph.edu.pe\/en\/\",\"name\":\"Aleph :: Sitio Web\",\"description\":\"Somos una comunidad educativa innovadora de educaci\u00f3n b\u00e1sica, conformada por ni\u00f1os, padres y maestros.\",\"potentialAction\":[{\"@type\":\"SearchAction\",\"target\":{\"@type\":\"EntryPoint\",\"urlTemplate\":\"https:\/\/colegioaleph.edu.pe\/en\/?s={search_term_string}\"},\"query-input\":\"required name=search_term_string\"}],\"inLanguage\":\"en-US\"}]}<\/script>\n<!-- \/ Yoast SEO plugin. -->","yoast_head_json":{"title":"\u00c1leph School - About \u00c1leph","description":"We are a bilingual school that is characterized by its commitment to investigation, creativity, and the design of fundamental strategies to construct knowledge.","robots":{"index":"index","follow":"follow","max-snippet":"max-snippet:-1","max-image-preview":"max-image-preview:large","max-video-preview":"max-video-preview:-1"},"canonical":"https:\/\/colegioaleph.edu.pe\/en\/about\/","og_locale":"en_US","og_type":"article","og_title":"\u00c1leph School - About \u00c1leph","og_description":"We are a bilingual school that is characterized by its commitment to investigation, creativity, and the design of fundamental strategies to construct knowledge.","og_url":"https:\/\/colegioaleph.edu.pe\/en\/about\/","og_site_name":"Aleph :: Sitio Web","article_modified_time":"2022-07-26T21:16:42+00:00","twitter_card":"summary_large_image","twitter_misc":{"Est. reading time":"8 minutes"},"schema":{"@context":"https:\/\/schema.org","@graph":[{"@type":"WebPage","@id":"https:\/\/colegioaleph.edu.pe\/en\/about\/","url":"https:\/\/colegioaleph.edu.pe\/en\/about\/","name":"\u00c1leph School - About \u00c1leph","isPartOf":{"@id":"https:\/\/colegioaleph.edu.pe\/en\/#website"},"datePublished":"2022-05-29T21:36:29+00:00","dateModified":"2022-07-26T21:16:42+00:00","description":"We are a bilingual school that is characterized by its commitment to investigation, creativity, and the design of fundamental strategies to construct knowledge.","breadcrumb":{"@id":"https:\/\/colegioaleph.edu.pe\/en\/about\/#breadcrumb"},"inLanguage":"en-US","potentialAction":[{"@type":"ReadAction","target":["https:\/\/colegioaleph.edu.pe\/en\/about\/"]}]},{"@type":"BreadcrumbList","@id":"https:\/\/colegioaleph.edu.pe\/en\/about\/#breadcrumb","itemListElement":[{"@type":"ListItem","position":1,"name":"Portada","item":"https:\/\/colegioaleph.edu.pe\/en\/home\/"},{"@type":"ListItem","position":2,"name":"About \u00c1leph"}]},{"@type":"WebSite","@id":"https:\/\/colegioaleph.edu.pe\/en\/#website","url":"https:\/\/colegioaleph.edu.pe\/en\/","name":"Aleph :: Sitio Web","description":"Somos una comunidad educativa innovadora de educaci\u00f3n b\u00e1sica, conformada por ni\u00f1os, padres y maestros.","potentialAction":[{"@type":"SearchAction","target":{"@type":"EntryPoint","urlTemplate":"https:\/\/colegioaleph.edu.pe\/en\/?s={search_term_string}"},"query-input":"required name=search_term_string"}],"inLanguage":"en-US"}]}},"_links":{"self":[{"href":"https:\/\/colegioaleph.edu.pe\/en\/wp-json\/wp\/v2\/pages\/2478"}],"collection":[{"href":"https:\/\/colegioaleph.edu.pe\/en\/wp-json\/wp\/v2\/pages"}],"about":[{"href":"https:\/\/colegioaleph.edu.pe\/en\/wp-json\/wp\/v2\/types\/page"}],"author":[{"embeddable":true,"href":"https:\/\/colegioaleph.edu.pe\/en\/wp-json\/wp\/v2\/users\/1"}],"replies":[{"embeddable":true,"href":"https:\/\/colegioaleph.edu.pe\/en\/wp-json\/wp\/v2\/comments?post=2478"}],"version-history":[{"count":32,"href":"https:\/\/colegioaleph.edu.pe\/en\/wp-json\/wp\/v2\/pages\/2478\/revisions"}],"predecessor-version":[{"id":2767,"href":"https:\/\/colegioaleph.edu.pe\/en\/wp-json\/wp\/v2\/pages\/2478\/revisions\/2767"}],"wp:attachment":[{"href":"https:\/\/colegioaleph.edu.pe\/en\/wp-json\/wp\/v2\/media?parent=2478"}],"curies":[{"name":"wp","href":"https:\/\/api.w.org\/{rel}","templated":true}]}}