{"id":2481,"date":"2022-05-29T19:53:09","date_gmt":"2022-05-30T00:53:09","guid":{"rendered":"https:\/\/colegioaleph.edu.pe\/nosotros\/our-philosohy\/"},"modified":"2022-07-26T16:40:01","modified_gmt":"2022-07-26T21:40:01","slug":"our-philosophy","status":"publish","type":"page","link":"https:\/\/colegioaleph.edu.pe\/en\/about\/our-philosophy\/","title":{"rendered":"Philosophy"},"content":{"rendered":"<p>[et_pb_section fb_built=&#8221;1&#8243; admin_label=&#8221;Encabezado&#8221; module_class=&#8221;solapar-navegacion&#8221; _builder_version=&#8221;4.17.4&#8243; _module_preset=&#8221;default&#8221; background_color=&#8221;#6981A5&#8243; background_enable_image=&#8221;off&#8221; custom_padding=&#8221;0px||0px||false|false&#8221; custom_css_main_element=&#8221;display: flex;||flex-direction: column;||align-items:flex-end;&#8221; locked=&#8221;off&#8221; collapsed=&#8221;on&#8221; global_colors_info=&#8221;{}&#8221;][et_pb_row _builder_version=&#8221;4.17.4&#8243; _module_preset=&#8221;default&#8221; global_colors_info=&#8221;{}&#8221;][et_pb_column type=&#8221;4_4&#8243; _builder_version=&#8221;4.17.4&#8243; _module_preset=&#8221;default&#8221; global_colors_info=&#8221;{}&#8221;][et_pb_text _builder_version=&#8221;4.17.4&#8243; _module_preset=&#8221;21fbd7fe-07ee-46e3-8be4-14e752b96beb&#8221; locked=&#8221;off&#8221; global_colors_info=&#8221;{}&#8221;]<\/p>\n<h1>Philosophy<\/h1>\n<p>[\/et_pb_text][\/et_pb_column][\/et_pb_row][\/et_pb_section][et_pb_section fb_built=&#8221;1&#8243; admin_label=&#8221;Programas&#8221; _builder_version=&#8221;4.17.4&#8243; _module_preset=&#8221;default&#8221; custom_padding=&#8221;||||false|false&#8221; locked=&#8221;off&#8221; collapsed=&#8221;on&#8221; global_colors_info=&#8221;{}&#8221;][et_pb_row column_structure=&#8221;1_3,2_3&#8243; make_equal=&#8221;on&#8221; custom_padding_last_edited=&#8221;on|phone&#8221; _builder_version=&#8221;4.17.4&#8243; _module_preset=&#8221;default&#8221; custom_padding_tablet=&#8221;&#8221; custom_padding_phone=&#8221;0px||||false|false&#8221; global_colors_info=&#8221;{}&#8221;][et_pb_column type=&#8221;1_3&#8243; _builder_version=&#8221;4.17.4&#8243; _module_preset=&#8221;default&#8221; global_colors_info=&#8221;{}&#8221;][et_pb_code _builder_version=&#8221;4.17.4&#8243; _module_preset=&#8221;default&#8221; background_enable_color=&#8221;off&#8221; use_background_color_gradient=&#8221;on&#8221; background_color_gradient_stops=&#8221;rgba(105,129,165,0.5) 0%|rgba(105,129,165,0.5) 100%&#8221; background_color_gradient_overlays_image=&#8221;on&#8221; background_image=&#8221;https:\/\/colegioaleph.edu.pe\/wp-content\/uploads\/2022\/07\/descubrimos.png&#8221; custom_margin=&#8221;||||false|false&#8221; custom_padding=&#8221;0px||100%||false|false&#8221; custom_padding_tablet=&#8221;||40%||false|false&#8221; custom_padding_phone=&#8221;||50%||false|false&#8221; custom_padding_last_edited=&#8221;on|tablet&#8221; border_radii=&#8221;off|1000px|1000px|1000px|&#8221; global_colors_info=&#8221;{}&#8221;][\/et_pb_code][\/et_pb_column][et_pb_column type=&#8221;2_3&#8243; _builder_version=&#8221;4.17.4&#8243; _module_preset=&#8221;default&#8221; custom_css_main_element=&#8221;display:flex;||flex-direction:column;||justify-content:center;&#8221; global_colors_info=&#8221;{}&#8221;][et_pb_text _builder_version=&#8221;4.17.4&#8243; _module_preset=&#8221;0dfab01b-3f62-43b4-a04a-52ac64f90ab9&#8243; header_2_font=&#8221;Helvetica Neue|700|||||||&#8221; header_2_text_align=&#8221;left&#8221; header_2_text_color=&#8221;#6981A5&#8243; header_2_font_size=&#8221;64px&#8221; custom_margin=&#8221;||10px||false|false&#8221; custom_padding=&#8221;||||false|false&#8221; locked=&#8221;off&#8221; global_colors_info=&#8221;{}&#8221;]<\/p>\n<h2>We Discover<\/h2>\n<p>[\/et_pb_text][et_pb_text _builder_version=&#8221;4.17.4&#8243; _module_preset=&#8221;default&#8221; text_text_color=&#8221;#606060&#8243; locked=&#8221;off&#8221; global_colors_info=&#8221;{}&#8221;]We use innate curiosity as the main driver for learning. Is is curiosity that allows us to be engaged and keeps us constantly motivated to investigate. Through diverse experiences we discover that the world is explained through situations, phenomenons, theories and challenges that we find in relatable and provocative contexts. This is how we discover that, in order to understand the world around us, we have to learn to inquire and investigate. [\/et_pb_text][\/et_pb_column][\/et_pb_row][et_pb_row column_structure=&#8221;1_3,2_3&#8243; make_equal=&#8221;on&#8221; _builder_version=&#8221;4.17.4&#8243; _module_preset=&#8221;default&#8221; custom_css_main_element=&#8221;flex-direction:row-reverse;&#8221; global_colors_info=&#8221;{}&#8221;][et_pb_column type=&#8221;1_3&#8243; _builder_version=&#8221;4.17.4&#8243; _module_preset=&#8221;default&#8221; custom_css_main_element=&#8221;margin-left:5.5%;||margin-right:0!important;&#8221; global_colors_info=&#8221;{}&#8221; custom_css_main_element_last_edited=&#8221;on|tablet&#8221; custom_css_main_element_tablet=&#8221;margin-left:0;&#8221; custom_css_main_element_phone=&#8221;margin-left:0;&#8221;][et_pb_code _builder_version=&#8221;4.17.4&#8243; _module_preset=&#8221;default&#8221; background_enable_color=&#8221;off&#8221; use_background_color_gradient=&#8221;on&#8221; background_color_gradient_stops=&#8221;rgba(129,201,187,0.5) 0%|rgba(129,201,187,0.5) 100%&#8221; background_color_gradient_overlays_image=&#8221;on&#8221; background_image=&#8221;https:\/\/colegioaleph.edu.pe\/wp-content\/uploads\/2022\/07\/comprendemos.png&#8221; custom_margin=&#8221;||||false|false&#8221; custom_padding=&#8221;0px||100%||false|false&#8221; custom_padding_tablet=&#8221;0px||40%||false|false&#8221; custom_padding_phone=&#8221;||50%||false|false&#8221; custom_padding_last_edited=&#8221;on|tablet&#8221; border_radii=&#8221;off|1000px|1000px|1000px|&#8221; global_colors_info=&#8221;{}&#8221;][\/et_pb_code][\/et_pb_column][et_pb_column type=&#8221;2_3&#8243; _builder_version=&#8221;4.17.4&#8243; _module_preset=&#8221;default&#8221; custom_padding=&#8221;||||false|false&#8221; custom_css_main_element=&#8221;display:flex;||flex-direction:column;||justify-content:center;&#8221; global_colors_info=&#8221;{}&#8221;][et_pb_text _builder_version=&#8221;4.17.4&#8243; _module_preset=&#8221;0dfab01b-3f62-43b4-a04a-52ac64f90ab9&#8243; header_2_font=&#8221;Helvetica Neue|700|||||||&#8221; header_2_text_align=&#8221;left&#8221; header_2_text_color=&#8221;#81C9BB&#8221; header_2_font_size=&#8221;64px&#8221; custom_margin=&#8221;||10px||false|false&#8221; custom_padding=&#8221;||||false|false&#8221; locked=&#8221;off&#8221; global_colors_info=&#8221;{}&#8221;]<\/p>\n<h2>We Understand<\/h2>\n<p>[\/et_pb_text][et_pb_text _builder_version=&#8221;4.17.4&#8243; _module_preset=&#8221;default&#8221; text_text_color=&#8221;#606060&#8243; locked=&#8221;off&#8221; global_colors_info=&#8221;{}&#8221;]Investigating with our peers helps us understand how the world works and helps us acquire the knowledge we need to face new problems. In turn, this helps us connect different concepts to form new conclusions. In turn, this helps us connect different concepts to form new conclusions. Our hypothesis undergoes a process of transformation through a dialogue with others such as our peers, teachers, and knowledge acquired from other academics. This exchange of points of view and questioning allows students to deepen their knowledge and understanding so that they can solve more complex problems.[\/et_pb_text][\/et_pb_column][\/et_pb_row][et_pb_row column_structure=&#8221;1_3,2_3&#8243; make_equal=&#8221;on&#8221; _builder_version=&#8221;4.17.4&#8243; _module_preset=&#8221;default&#8221; global_colors_info=&#8221;{}&#8221;][et_pb_column type=&#8221;1_3&#8243; _builder_version=&#8221;4.17.4&#8243; _module_preset=&#8221;default&#8221; global_colors_info=&#8221;{}&#8221;][et_pb_code _builder_version=&#8221;4.17.4&#8243; _module_preset=&#8221;default&#8221; background_enable_color=&#8221;off&#8221; use_background_color_gradient=&#8221;on&#8221; background_color_gradient_stops=&#8221;rgba(242,140,120,0.5) 0%|rgba(242,140,120,0.5) 100%&#8221; background_color_gradient_overlays_image=&#8221;on&#8221; background_image=&#8221;https:\/\/colegioaleph.edu.pe\/wp-content\/uploads\/2022\/07\/resolvemos.png&#8221; custom_margin=&#8221;||||false|false&#8221; custom_padding=&#8221;0px||100%||false|false&#8221; custom_padding_tablet=&#8221;0px||40%||false|false&#8221; custom_padding_phone=&#8221;||50%||false|false&#8221; custom_padding_last_edited=&#8221;on|tablet&#8221; border_radii=&#8221;off|1000px|1000px|1000px|&#8221; global_colors_info=&#8221;{}&#8221;][\/et_pb_code][\/et_pb_column][et_pb_column type=&#8221;2_3&#8243; _builder_version=&#8221;4.17.4&#8243; _module_preset=&#8221;default&#8221; custom_css_main_element=&#8221;display:flex;||flex-direction:column;||justify-content:center;&#8221; global_colors_info=&#8221;{}&#8221;][et_pb_text _builder_version=&#8221;4.17.4&#8243; _module_preset=&#8221;0dfab01b-3f62-43b4-a04a-52ac64f90ab9&#8243; header_2_font=&#8221;Helvetica Neue|700|||||||&#8221; header_2_text_align=&#8221;left&#8221; header_2_text_color=&#8221;#F28C78&#8243; header_2_font_size=&#8221;64px&#8221; custom_margin=&#8221;||10px||false|false&#8221; custom_padding=&#8221;||||false|false&#8221; locked=&#8221;off&#8221; global_colors_info=&#8221;{}&#8221;]<\/p>\n<h2>We Solve<\/h2>\n<p>[\/et_pb_text][et_pb_text _builder_version=&#8221;4.17.4&#8243; _module_preset=&#8221;default&#8221; text_text_color=&#8221;#606060&#8243; locked=&#8221;off&#8221; global_colors_info=&#8221;{}&#8221;]Using an interdisciplinary approach to design thinking, we learn to solve intriguing, relatable and complex problems. At the design stage, we use knowledge to come up with original solutions and innovative answers through active participation, a creative and flexible thought process, prototyping and bilingual communication.[\/et_pb_text][\/et_pb_column][\/et_pb_row][\/et_pb_section][et_pb_section fb_built=&#8221;1&#8243; custom_padding_last_edited=&#8221;on|phone&#8221; admin_label=&#8221;Paginador ( anterior | siguiente )&#8221; _builder_version=&#8221;4.17.4&#8243; _module_preset=&#8221;default&#8221; background_color=&#8221;#f4f4f4&#8243; custom_margin_last_edited=&#8221;off|phone&#8221; custom_padding_tablet=&#8221;&#8221; custom_padding_phone=&#8221;0px||0px||false|false&#8221; saved_tabs=&#8221;all&#8221; collapsed=&#8221;off&#8221; global_colors_info=&#8221;{}&#8221;][et_pb_row column_structure=&#8221;1_2,1_2&#8243; use_custom_gutter=&#8221;on&#8221; gutter_width=&#8221;1&#8243; make_equal=&#8221;on&#8221; _builder_version=&#8221;4.17.4&#8243; _module_preset=&#8221;default&#8221; custom_css_main_element=&#8221;display: flex;&#8221; global_colors_info=&#8221;{}&#8221; custom_css_main_element_last_edited=&#8221;on|phone&#8221; custom_css_main_element_phone=&#8221;display:block;&#8221; custom_css_main_element_tablet=&#8221;display: flex;&#8221;][et_pb_column type=&#8221;1_2&#8243; _builder_version=&#8221;4.17.4&#8243; _module_preset=&#8221;default&#8221; custom_padding_tablet=&#8221;&#8221; custom_padding_phone=&#8221;||20px||false|false&#8221; custom_padding_last_edited=&#8221;on|phone&#8221; border_width_right=&#8221;1px&#8221; border_color_right=&#8221;#6981A5&#8243; border_color_bottom=&#8221;#6981A5&#8243; border_style_bottom=&#8221;solid&#8221; border_width_right_tablet=&#8221;&#8221; border_width_right_phone=&#8221;0px&#8221; border_width_right_last_edited=&#8221;on|phone&#8221; border_width_bottom_tablet=&#8221;&#8221; border_width_bottom_phone=&#8221;1px&#8221; border_width_bottom_last_edited=&#8221;on|phone&#8221; global_colors_info=&#8221;{}&#8221;][et_pb_button button_url=&#8221;#&#8221; button_text=&#8221;Anterior&#8221; button_alignment=&#8221;left&#8221; button_alignment_tablet=&#8221;&#8221; button_alignment_phone=&#8221;center&#8221; button_alignment_last_edited=&#8221;on|phone&#8221; module_class=&#8221;boton-anteriorpagina&#8221; _builder_version=&#8221;4.17.4&#8243; _module_preset=&#8221;default&#8221; custom_button=&#8221;on&#8221; button_text_size=&#8221;24px&#8221; button_border_width=&#8221;0px&#8221; button_font=&#8221;Adelle||||||||&#8221; button_icon=&#8221;&#x34;||divi||400&#8243; button_on_hover=&#8221;off&#8221; custom_padding=&#8221;|0.75em||1.5em|false|false&#8221; button_text_size_tablet=&#8221;20px&#8221; button_text_size_phone=&#8221;&#8221; button_text_size_last_edited=&#8221;on|tablet&#8221; custom_css_after=&#8221;left: 0.15em !important;||margin:0 !important;||transform: scale(2);&#8221; global_colors_info=&#8221;{}&#8221;][\/et_pb_button][\/et_pb_column][et_pb_column type=&#8221;1_2&#8243; _builder_version=&#8221;4.17.4&#8243; _module_preset=&#8221;default&#8221; custom_padding_tablet=&#8221;&#8221; custom_padding_phone=&#8221;20px||||false|false&#8221; custom_padding_last_edited=&#8221;on|phone&#8221; global_colors_info=&#8221;{}&#8221;][et_pb_button button_url=&#8221;#&#8221; button_text=&#8221;Siguiente&#8221; button_alignment=&#8221;right&#8221; button_alignment_tablet=&#8221;&#8221; button_alignment_phone=&#8221;center&#8221; button_alignment_last_edited=&#8221;on|phone&#8221; module_class=&#8221;boton-siguientepagina&#8221; _builder_version=&#8221;4.17.4&#8243; _module_preset=&#8221;default&#8221; custom_button=&#8221;on&#8221; button_text_size=&#8221;24px&#8221; button_border_width=&#8221;0px&#8221; button_font=&#8221;Adelle||||||||&#8221; button_icon=&#8221;&#x35;||divi||400&#8243; button_on_hover=&#8221;off&#8221; custom_padding=&#8221;|1.5em||0.75em|false|false&#8221; button_text_size_tablet=&#8221;20px&#8221; button_text_size_phone=&#8221;&#8221; button_text_size_last_edited=&#8221;on|tablet&#8221; custom_css_after=&#8221;margin:0 !important;||right: 0.15em !important;||transform: scale(2);&#8221; global_colors_info=&#8221;{}&#8221;][\/et_pb_button][\/et_pb_column][\/et_pb_row][\/et_pb_section]<\/p>\n","protected":false},"excerpt":{"rendered":"<p>PhilosophyWe DiscoverWe use innate curiosity as the main driver for learning. Is is curiosity that allows us to be engaged and keeps us constantly motivated to investigate. Through diverse experiences we discover that the world is explained through situations, phenomenons, theories and challenges that we find in relatable and provocative contexts. This is how we [&hellip;]<\/p>\n","protected":false},"author":1,"featured_media":0,"parent":2478,"menu_order":1,"comment_status":"closed","ping_status":"closed","template":"","meta":{"_et_pb_use_builder":"on","_et_pb_old_content":"","_et_gb_content_width":"","footnotes":""},"yoast_head":"<!-- This site is optimized with the Yoast SEO plugin v19.7.1 - https:\/\/yoast.com\/wordpress\/plugins\/seo\/ -->\n<title>\u00c1leph School - Our philosophy<\/title>\n<meta name=\"description\" content=\"We discover, we understand, we solve\" \/>\n<meta name=\"robots\" content=\"index, follow, max-snippet:-1, max-image-preview:large, max-video-preview:-1\" \/>\n<link rel=\"canonical\" href=\"https:\/\/colegioaleph.edu.pe\/en\/about\/our-philosophy\/\" \/>\n<meta property=\"og:locale\" content=\"en_US\" \/>\n<meta property=\"og:type\" content=\"article\" \/>\n<meta property=\"og:title\" content=\"\u00c1leph School - Our philosophy\" \/>\n<meta property=\"og:description\" content=\"We discover, we understand, we solve\" \/>\n<meta property=\"og:url\" content=\"https:\/\/colegioaleph.edu.pe\/en\/about\/our-philosophy\/\" \/>\n<meta property=\"og:site_name\" content=\"Aleph :: Sitio Web\" \/>\n<meta property=\"article:modified_time\" content=\"2022-07-26T21:40:01+00:00\" \/>\n<meta name=\"twitter:card\" content=\"summary_large_image\" \/>\n<meta name=\"twitter:label1\" content=\"Est. reading time\" \/>\n\t<meta name=\"twitter:data1\" content=\"3 minutes\" \/>\n<script type=\"application\/ld+json\" class=\"yoast-schema-graph\">{\"@context\":\"https:\/\/schema.org\",\"@graph\":[{\"@type\":\"WebPage\",\"@id\":\"https:\/\/colegioaleph.edu.pe\/en\/about\/our-philosophy\/\",\"url\":\"https:\/\/colegioaleph.edu.pe\/en\/about\/our-philosophy\/\",\"name\":\"\u00c1leph School - Our philosophy\",\"isPartOf\":{\"@id\":\"https:\/\/colegioaleph.edu.pe\/en\/#website\"},\"datePublished\":\"2022-05-30T00:53:09+00:00\",\"dateModified\":\"2022-07-26T21:40:01+00:00\",\"description\":\"We discover, we understand, we solve\",\"breadcrumb\":{\"@id\":\"https:\/\/colegioaleph.edu.pe\/en\/about\/our-philosophy\/#breadcrumb\"},\"inLanguage\":\"en-US\",\"potentialAction\":[{\"@type\":\"ReadAction\",\"target\":[\"https:\/\/colegioaleph.edu.pe\/en\/about\/our-philosophy\/\"]}]},{\"@type\":\"BreadcrumbList\",\"@id\":\"https:\/\/colegioaleph.edu.pe\/en\/about\/our-philosophy\/#breadcrumb\",\"itemListElement\":[{\"@type\":\"ListItem\",\"position\":1,\"name\":\"Portada\",\"item\":\"https:\/\/colegioaleph.edu.pe\/en\/home\/\"},{\"@type\":\"ListItem\",\"position\":2,\"name\":\"About \u00c1leph\",\"item\":\"https:\/\/colegioaleph.edu.pe\/en\/about\/\"},{\"@type\":\"ListItem\",\"position\":3,\"name\":\"Philosophy\"}]},{\"@type\":\"WebSite\",\"@id\":\"https:\/\/colegioaleph.edu.pe\/en\/#website\",\"url\":\"https:\/\/colegioaleph.edu.pe\/en\/\",\"name\":\"Aleph :: Sitio Web\",\"description\":\"Somos una comunidad educativa innovadora de educaci\u00f3n b\u00e1sica, conformada por ni\u00f1os, padres y maestros.\",\"potentialAction\":[{\"@type\":\"SearchAction\",\"target\":{\"@type\":\"EntryPoint\",\"urlTemplate\":\"https:\/\/colegioaleph.edu.pe\/en\/?s={search_term_string}\"},\"query-input\":\"required name=search_term_string\"}],\"inLanguage\":\"en-US\"}]}<\/script>\n<!-- \/ Yoast SEO plugin. -->","yoast_head_json":{"title":"\u00c1leph School - Our philosophy","description":"We discover, we understand, we solve","robots":{"index":"index","follow":"follow","max-snippet":"max-snippet:-1","max-image-preview":"max-image-preview:large","max-video-preview":"max-video-preview:-1"},"canonical":"https:\/\/colegioaleph.edu.pe\/en\/about\/our-philosophy\/","og_locale":"en_US","og_type":"article","og_title":"\u00c1leph School - Our philosophy","og_description":"We discover, we understand, we solve","og_url":"https:\/\/colegioaleph.edu.pe\/en\/about\/our-philosophy\/","og_site_name":"Aleph :: Sitio Web","article_modified_time":"2022-07-26T21:40:01+00:00","twitter_card":"summary_large_image","twitter_misc":{"Est. reading time":"3 minutes"},"schema":{"@context":"https:\/\/schema.org","@graph":[{"@type":"WebPage","@id":"https:\/\/colegioaleph.edu.pe\/en\/about\/our-philosophy\/","url":"https:\/\/colegioaleph.edu.pe\/en\/about\/our-philosophy\/","name":"\u00c1leph School - Our philosophy","isPartOf":{"@id":"https:\/\/colegioaleph.edu.pe\/en\/#website"},"datePublished":"2022-05-30T00:53:09+00:00","dateModified":"2022-07-26T21:40:01+00:00","description":"We discover, we understand, we solve","breadcrumb":{"@id":"https:\/\/colegioaleph.edu.pe\/en\/about\/our-philosophy\/#breadcrumb"},"inLanguage":"en-US","potentialAction":[{"@type":"ReadAction","target":["https:\/\/colegioaleph.edu.pe\/en\/about\/our-philosophy\/"]}]},{"@type":"BreadcrumbList","@id":"https:\/\/colegioaleph.edu.pe\/en\/about\/our-philosophy\/#breadcrumb","itemListElement":[{"@type":"ListItem","position":1,"name":"Portada","item":"https:\/\/colegioaleph.edu.pe\/en\/home\/"},{"@type":"ListItem","position":2,"name":"About \u00c1leph","item":"https:\/\/colegioaleph.edu.pe\/en\/about\/"},{"@type":"ListItem","position":3,"name":"Philosophy"}]},{"@type":"WebSite","@id":"https:\/\/colegioaleph.edu.pe\/en\/#website","url":"https:\/\/colegioaleph.edu.pe\/en\/","name":"Aleph :: Sitio Web","description":"Somos una comunidad educativa innovadora de educaci\u00f3n b\u00e1sica, conformada por ni\u00f1os, padres y maestros.","potentialAction":[{"@type":"SearchAction","target":{"@type":"EntryPoint","urlTemplate":"https:\/\/colegioaleph.edu.pe\/en\/?s={search_term_string}"},"query-input":"required name=search_term_string"}],"inLanguage":"en-US"}]}},"_links":{"self":[{"href":"https:\/\/colegioaleph.edu.pe\/en\/wp-json\/wp\/v2\/pages\/2481"}],"collection":[{"href":"https:\/\/colegioaleph.edu.pe\/en\/wp-json\/wp\/v2\/pages"}],"about":[{"href":"https:\/\/colegioaleph.edu.pe\/en\/wp-json\/wp\/v2\/types\/page"}],"author":[{"embeddable":true,"href":"https:\/\/colegioaleph.edu.pe\/en\/wp-json\/wp\/v2\/users\/1"}],"replies":[{"embeddable":true,"href":"https:\/\/colegioaleph.edu.pe\/en\/wp-json\/wp\/v2\/comments?post=2481"}],"version-history":[{"count":33,"href":"https:\/\/colegioaleph.edu.pe\/en\/wp-json\/wp\/v2\/pages\/2481\/revisions"}],"predecessor-version":[{"id":2797,"href":"https:\/\/colegioaleph.edu.pe\/en\/wp-json\/wp\/v2\/pages\/2481\/revisions\/2797"}],"up":[{"embeddable":true,"href":"https:\/\/colegioaleph.edu.pe\/en\/wp-json\/wp\/v2\/pages\/2478"}],"wp:attachment":[{"href":"https:\/\/colegioaleph.edu.pe\/en\/wp-json\/wp\/v2\/media?parent=2481"}],"curies":[{"name":"wp","href":"https:\/\/api.w.org\/{rel}","templated":true}]}}