{"id":2514,"date":"2022-05-29T19:53:57","date_gmt":"2022-05-30T00:53:57","guid":{"rendered":"https:\/\/colegioaleph.edu.pe\/nosotros\/our-students\/"},"modified":"2022-07-26T16:20:44","modified_gmt":"2022-07-26T21:20:44","slug":"our-students","status":"publish","type":"page","link":"https:\/\/colegioaleph.edu.pe\/en\/about\/our-students\/","title":{"rendered":"Students"},"content":{"rendered":"<p>[et_pb_section fb_built=&#8221;1&#8243; admin_label=&#8221;Encabezado&#8221; _builder_version=&#8221;4.17.4&#8243; _module_preset=&#8221;eb016ef1-3b03-4527-959e-2f7fbcb18ca4&#8243; custom_padding=&#8221;||||false|false&#8221; locked=&#8221;off&#8221; collapsed=&#8221;on&#8221; global_colors_info=&#8221;{}&#8221;][et_pb_row _builder_version=&#8221;4.17.4&#8243; _module_preset=&#8221;default&#8221; global_colors_info=&#8221;{}&#8221;][et_pb_column type=&#8221;4_4&#8243; _builder_version=&#8221;4.17.4&#8243; _module_preset=&#8221;default&#8221; global_colors_info=&#8221;{}&#8221;][et_pb_text _builder_version=&#8221;4.17.4&#8243; _module_preset=&#8221;21fbd7fe-07ee-46e3-8be4-14e752b96beb&#8221; locked=&#8221;off&#8221; global_colors_info=&#8221;{}&#8221;]<\/p>\n<h1>Students<\/h1>\n<p>[\/et_pb_text][\/et_pb_column][\/et_pb_row][et_pb_row column_structure=&#8221;1_2,1_2&#8243; _builder_version=&#8221;4.17.4&#8243; _module_preset=&#8221;default&#8221; custom_margin=&#8221;0px||||false|false&#8221; custom_padding=&#8221;0px||||false|false&#8221; global_colors_info=&#8221;{}&#8221;][et_pb_column type=&#8221;1_2&#8243; _builder_version=&#8221;4.17.4&#8243; _module_preset=&#8221;default&#8221; global_colors_info=&#8221;{}&#8221;][et_pb_text _builder_version=&#8221;4.17.4&#8243; _module_preset=&#8221;default&#8221; text_font=&#8221;Helvetica Neue|700|||||||&#8221; text_text_color=&#8221;#FFFFFF&#8221; text_font_size=&#8221;24px&#8221; text_line_height=&#8221;1.4em&#8221; locked=&#8221;off&#8221; global_colors_info=&#8221;{}&#8221;]\u00c1leph students are citizens of the world, capable of investigating and implementing innovative thinking that will impact possitively on our society.[\/et_pb_text][et_pb_text _builder_version=&#8221;4.17.4&#8243; _module_preset=&#8221;default&#8221; text_text_color=&#8221;#FFFFFF&#8221; locked=&#8221;off&#8221; global_colors_info=&#8221;{}&#8221;]We are fueled by curiousity, our desire to deepen our understanding of challenging issues in order to understand them, build a critical view, and with our creativity and leadership skills, convene and work in a collaborative way.<br \/>\nWe are experts in project-based learning, connecting and intergrating disciplines to understand complex problems through investigation, the use of the scientific method, and implementing design thinking through the use of strategies from our \u201ctoolbox\u201d.<\/p>\n<p>Our empathy, English proficiency, and broad range of communication skills, prepare us to adapt to new contexts.<\/p>\n<p>We are constantly searching for a common sense of wellbeing and our actions are coherent with our values. We feel sure of our decisions because we know that they are based on evidence and our constant motivation to do our best, to discover, to understand and to find solutions.[\/et_pb_text][\/et_pb_column][et_pb_column type=&#8221;1_2&#8243; _builder_version=&#8221;4.17.4&#8243; _module_preset=&#8221;default&#8221; global_colors_info=&#8221;{}&#8221;][et_pb_image src=&#8221;https:\/\/colegioaleph.edu.pe\/wp-content\/uploads\/2022\/06\/nosotros-1.jpg&#8221; title_text=&#8221;Nosotros 1&#8243; _builder_version=&#8221;4.17.4&#8243; _module_preset=&#8221;default&#8221; global_colors_info=&#8221;{}&#8221;][\/et_pb_image][\/et_pb_column][\/et_pb_row][\/et_pb_section][et_pb_section fb_built=&#8221;1&#8243; admin_label=&#8221;Posicionador&#8221; module_id=&#8221;posicionador&#8221; _builder_version=&#8221;4.17.4&#8243; _module_preset=&#8221;default&#8221; custom_margin=&#8221;0px||0px||false|false&#8221; custom_padding=&#8221;0px||0px||false|false&#8221; global_module=&#8221;599&#8243; saved_tabs=&#8221;all&#8221; locked=&#8221;off&#8221; collapsed=&#8221;off&#8221; global_colors_info=&#8221;{}&#8221;][et_pb_row admin_label=&#8221;Fila&#8221; _builder_version=&#8221;4.17.4&#8243; _module_preset=&#8221;default&#8221; positioning=&#8221;absolute&#8221; position_origin_a=&#8221;bottom_center&#8221; vertical_offset=&#8221;30px&#8221; z_index=&#8221;5&#8243; vertical_offset_tablet=&#8221;&#8221; vertical_offset_phone=&#8221;&#8221; vertical_offset_last_edited=&#8221;on|phone&#8221; custom_margin=&#8221;0px||0px||false|false&#8221; custom_padding=&#8221;0px||0px||false|false&#8221; global_colors_info=&#8221;{}&#8221;][et_pb_column type=&#8221;4_4&#8243; _builder_version=&#8221;4.17.4&#8243; _module_preset=&#8221;default&#8221; global_colors_info=&#8221;{}&#8221;][et_pb_button button_url=&#8221;#posicionador&#8221; button_text=&#8221; &#8221; button_alignment=&#8221;center&#8221; admin_label=&#8221;Posicionador&#8221; _builder_version=&#8221;4.17.4&#8243; _module_preset=&#8221;7d180631-c73d-4ee9-81dc-6b09ef80b11e&#8221; transform_rotate=&#8221;0deg|0deg|90deg&#8221; custom_margin=&#8221;||0px||false|false&#8221; global_colors_info=&#8221;{}&#8221;][\/et_pb_button][et_pb_code disabled_on=&#8221;off|off|off&#8221; admin_label=&#8221;Velo&#8221; _builder_version=&#8221;4.17.4&#8243; _module_preset=&#8221;default&#8221; background_color=&#8221;rgba(255,255,255,0.1)&#8221; positioning=&#8221;absolute&#8221; position_origin_a=&#8221;top_right&#8221; vertical_offset=&#8221;-200px&#8221; horizontal_offset=&#8221;-300px&#8221; width=&#8221;1200px&#8221; width_tablet=&#8221;600px&#8221; width_phone=&#8221;&#8221; width_last_edited=&#8221;on|tablet&#8221; height=&#8221;1200px&#8221; height_tablet=&#8221;600px&#8221; height_phone=&#8221;&#8221; height_last_edited=&#8221;on|tablet&#8221; custom_css_main_element=&#8221;pointer-events:none;&#8221; border_radii=&#8221;off|1000px|1000px||1000px&#8221; global_colors_info=&#8221;{}&#8221;][\/et_pb_code][\/et_pb_column][\/et_pb_row][\/et_pb_section][et_pb_section fb_built=&#8221;1&#8243; disabled_on=&#8221;on|on|on&#8221; admin_label=&#8221;Fundadores&#8221; _builder_version=&#8221;4.17.4&#8243; _module_preset=&#8221;default&#8221; custom_padding=&#8221;||||false|false&#8221; disabled=&#8221;on&#8221; locked=&#8221;off&#8221; collapsed=&#8221;on&#8221; global_colors_info=&#8221;{}&#8221;][et_pb_row _builder_version=&#8221;4.17.4&#8243; _module_preset=&#8221;default&#8221; global_colors_info=&#8221;{}&#8221;][et_pb_column type=&#8221;4_4&#8243; _builder_version=&#8221;4.17.4&#8243; _module_preset=&#8221;default&#8221; global_colors_info=&#8221;{}&#8221;][et_pb_text _builder_version=&#8221;4.17.4&#8243; _module_preset=&#8221;0dfab01b-3f62-43b4-a04a-52ac64f90ab9&#8243; header_2_text_color=&#8221;#6981A5&#8243; locked=&#8221;off&#8221; global_colors_info=&#8221;{}&#8221;]<\/p>\n<h2>Lorem Ipsum<\/h2>\n<p>[\/et_pb_text][\/et_pb_column][\/et_pb_row][\/et_pb_section][et_pb_section fb_built=&#8221;1&#8243; custom_padding_last_edited=&#8221;on|phone&#8221; admin_label=&#8221;Paginador ( anterior | siguiente )&#8221; _builder_version=&#8221;4.17.4&#8243; _module_preset=&#8221;default&#8221; background_color=&#8221;#f4f4f4&#8243; custom_margin_last_edited=&#8221;off|phone&#8221; custom_padding_tablet=&#8221;&#8221; custom_padding_phone=&#8221;0px||0px||false|false&#8221; global_module=&#8221;1392&#8243; saved_tabs=&#8221;all&#8221; collapsed=&#8221;off&#8221; global_colors_info=&#8221;{}&#8221;][et_pb_row column_structure=&#8221;1_2,1_2&#8243; use_custom_gutter=&#8221;on&#8221; gutter_width=&#8221;1&#8243; make_equal=&#8221;on&#8221; _builder_version=&#8221;4.17.4&#8243; _module_preset=&#8221;default&#8221; custom_css_main_element=&#8221;display: flex;&#8221; global_colors_info=&#8221;{}&#8221; custom_css_main_element_last_edited=&#8221;on|phone&#8221; custom_css_main_element_phone=&#8221;display:block;&#8221; custom_css_main_element_tablet=&#8221;display: flex;&#8221;][et_pb_column type=&#8221;1_2&#8243; _builder_version=&#8221;4.17.4&#8243; _module_preset=&#8221;default&#8221; custom_padding_tablet=&#8221;&#8221; custom_padding_phone=&#8221;||20px||false|false&#8221; custom_padding_last_edited=&#8221;on|phone&#8221; border_width_right=&#8221;1px&#8221; border_color_right=&#8221;#6981A5&#8243; border_color_bottom=&#8221;#6981A5&#8243; border_style_bottom=&#8221;solid&#8221; border_width_right_tablet=&#8221;&#8221; border_width_right_phone=&#8221;0px&#8221; border_width_right_last_edited=&#8221;on|phone&#8221; border_width_bottom_tablet=&#8221;&#8221; border_width_bottom_phone=&#8221;1px&#8221; border_width_bottom_last_edited=&#8221;on|phone&#8221; global_colors_info=&#8221;{}&#8221;][et_pb_button button_url=&#8221;#&#8221; button_text=&#8221;Anterior&#8221; button_alignment=&#8221;left&#8221; button_alignment_tablet=&#8221;&#8221; button_alignment_phone=&#8221;center&#8221; button_alignment_last_edited=&#8221;on|phone&#8221; module_class=&#8221;boton-anteriorpagina&#8221; _builder_version=&#8221;4.17.4&#8243; _module_preset=&#8221;default&#8221; custom_button=&#8221;on&#8221; button_text_size=&#8221;24px&#8221; button_border_width=&#8221;0px&#8221; button_font=&#8221;Adelle||||||||&#8221; button_icon=&#8221;&#x34;||divi||400&#8243; button_on_hover=&#8221;off&#8221; custom_padding=&#8221;|0.75em||1.5em|false|false&#8221; button_text_size_tablet=&#8221;20px&#8221; button_text_size_phone=&#8221;&#8221; button_text_size_last_edited=&#8221;on|tablet&#8221; custom_css_after=&#8221;left: 0.15em !important;||margin:0 !important;||transform: scale(2);&#8221; global_colors_info=&#8221;{}&#8221;][\/et_pb_button][\/et_pb_column][et_pb_column type=&#8221;1_2&#8243; _builder_version=&#8221;4.17.4&#8243; _module_preset=&#8221;default&#8221; custom_padding_tablet=&#8221;&#8221; custom_padding_phone=&#8221;20px||||false|false&#8221; custom_padding_last_edited=&#8221;on|phone&#8221; global_colors_info=&#8221;{}&#8221;][et_pb_button button_url=&#8221;#&#8221; button_text=&#8221;Siguiente&#8221; button_alignment=&#8221;right&#8221; button_alignment_tablet=&#8221;&#8221; button_alignment_phone=&#8221;center&#8221; button_alignment_last_edited=&#8221;on|phone&#8221; module_class=&#8221;boton-siguientepagina&#8221; _builder_version=&#8221;4.17.4&#8243; _module_preset=&#8221;default&#8221; custom_button=&#8221;on&#8221; button_text_size=&#8221;24px&#8221; button_border_width=&#8221;0px&#8221; button_font=&#8221;Adelle||||||||&#8221; button_icon=&#8221;&#x35;||divi||400&#8243; button_on_hover=&#8221;off&#8221; custom_padding=&#8221;|1.5em||0.75em|false|false&#8221; button_text_size_tablet=&#8221;20px&#8221; button_text_size_phone=&#8221;&#8221; button_text_size_last_edited=&#8221;on|tablet&#8221; custom_css_after=&#8221;margin:0 !important;||right: 0.15em !important;||transform: scale(2);&#8221; global_colors_info=&#8221;{}&#8221;][\/et_pb_button][\/et_pb_column][\/et_pb_row][\/et_pb_section]<\/p>\n","protected":false},"excerpt":{"rendered":"<p>Students\u00c1leph students are citizens of the world, capable of investigating and implementing innovative thinking that will impact possitively on our society.We are fueled by curiousity, our desire to deepen our understanding of challenging issues in order to understand them, build a critical view, and with our creativity and leadership skills, convene and work in a [&hellip;]<\/p>\n","protected":false},"author":1,"featured_media":0,"parent":2478,"menu_order":3,"comment_status":"closed","ping_status":"closed","template":"","meta":{"_et_pb_use_builder":"on","_et_pb_old_content":"","_et_gb_content_width":"","footnotes":""},"yoast_head":"<!-- This site is optimized with the Yoast SEO plugin v19.7.1 - https:\/\/yoast.com\/wordpress\/plugins\/seo\/ -->\n<title>\u00c1leph School- Our students<\/title>\n<meta name=\"description\" content=\"\u00c1leph students are citizens of the world, capable of investigating and implementing innovative thinking that will impact possitively on our society.\" \/>\n<meta name=\"robots\" content=\"index, follow, max-snippet:-1, max-image-preview:large, max-video-preview:-1\" \/>\n<link rel=\"canonical\" href=\"https:\/\/colegioaleph.edu.pe\/en\/about\/our-students\/\" \/>\n<meta property=\"og:locale\" content=\"en_US\" \/>\n<meta property=\"og:type\" content=\"article\" \/>\n<meta property=\"og:title\" content=\"\u00c1leph School- Our students\" \/>\n<meta property=\"og:description\" content=\"\u00c1leph students are citizens of the world, capable of investigating and implementing innovative thinking that will impact possitively on our society.\" \/>\n<meta property=\"og:url\" content=\"https:\/\/colegioaleph.edu.pe\/en\/about\/our-students\/\" \/>\n<meta property=\"og:site_name\" content=\"Aleph :: Sitio Web\" \/>\n<meta property=\"article:modified_time\" content=\"2022-07-26T21:20:44+00:00\" \/>\n<meta name=\"twitter:card\" content=\"summary_large_image\" \/>\n<meta name=\"twitter:label1\" content=\"Est. reading time\" \/>\n\t<meta name=\"twitter:data1\" content=\"6 minutes\" \/>\n<script type=\"application\/ld+json\" class=\"yoast-schema-graph\">{\"@context\":\"https:\/\/schema.org\",\"@graph\":[{\"@type\":\"WebPage\",\"@id\":\"https:\/\/colegioaleph.edu.pe\/en\/about\/our-students\/\",\"url\":\"https:\/\/colegioaleph.edu.pe\/en\/about\/our-students\/\",\"name\":\"\u00c1leph School- Our students\",\"isPartOf\":{\"@id\":\"https:\/\/colegioaleph.edu.pe\/en\/#website\"},\"datePublished\":\"2022-05-30T00:53:57+00:00\",\"dateModified\":\"2022-07-26T21:20:44+00:00\",\"description\":\"\u00c1leph students are citizens of the world, capable of investigating and implementing innovative thinking that will impact possitively on our society.\",\"breadcrumb\":{\"@id\":\"https:\/\/colegioaleph.edu.pe\/en\/about\/our-students\/#breadcrumb\"},\"inLanguage\":\"en-US\",\"potentialAction\":[{\"@type\":\"ReadAction\",\"target\":[\"https:\/\/colegioaleph.edu.pe\/en\/about\/our-students\/\"]}]},{\"@type\":\"BreadcrumbList\",\"@id\":\"https:\/\/colegioaleph.edu.pe\/en\/about\/our-students\/#breadcrumb\",\"itemListElement\":[{\"@type\":\"ListItem\",\"position\":1,\"name\":\"Portada\",\"item\":\"https:\/\/colegioaleph.edu.pe\/en\/home\/\"},{\"@type\":\"ListItem\",\"position\":2,\"name\":\"About \u00c1leph\",\"item\":\"https:\/\/colegioaleph.edu.pe\/en\/about\/\"},{\"@type\":\"ListItem\",\"position\":3,\"name\":\"Students\"}]},{\"@type\":\"WebSite\",\"@id\":\"https:\/\/colegioaleph.edu.pe\/en\/#website\",\"url\":\"https:\/\/colegioaleph.edu.pe\/en\/\",\"name\":\"Aleph :: Sitio Web\",\"description\":\"Somos una comunidad educativa innovadora de educaci\u00f3n b\u00e1sica, conformada por ni\u00f1os, padres y maestros.\",\"potentialAction\":[{\"@type\":\"SearchAction\",\"target\":{\"@type\":\"EntryPoint\",\"urlTemplate\":\"https:\/\/colegioaleph.edu.pe\/en\/?s={search_term_string}\"},\"query-input\":\"required name=search_term_string\"}],\"inLanguage\":\"en-US\"}]}<\/script>\n<!-- \/ Yoast SEO plugin. -->","yoast_head_json":{"title":"\u00c1leph School- Our students","description":"\u00c1leph students are citizens of the world, capable of investigating and implementing innovative thinking that will impact possitively on our society.","robots":{"index":"index","follow":"follow","max-snippet":"max-snippet:-1","max-image-preview":"max-image-preview:large","max-video-preview":"max-video-preview:-1"},"canonical":"https:\/\/colegioaleph.edu.pe\/en\/about\/our-students\/","og_locale":"en_US","og_type":"article","og_title":"\u00c1leph School- Our students","og_description":"\u00c1leph students are citizens of the world, capable of investigating and implementing innovative thinking that will impact possitively on our society.","og_url":"https:\/\/colegioaleph.edu.pe\/en\/about\/our-students\/","og_site_name":"Aleph :: Sitio Web","article_modified_time":"2022-07-26T21:20:44+00:00","twitter_card":"summary_large_image","twitter_misc":{"Est. reading time":"6 minutes"},"schema":{"@context":"https:\/\/schema.org","@graph":[{"@type":"WebPage","@id":"https:\/\/colegioaleph.edu.pe\/en\/about\/our-students\/","url":"https:\/\/colegioaleph.edu.pe\/en\/about\/our-students\/","name":"\u00c1leph School- Our students","isPartOf":{"@id":"https:\/\/colegioaleph.edu.pe\/en\/#website"},"datePublished":"2022-05-30T00:53:57+00:00","dateModified":"2022-07-26T21:20:44+00:00","description":"\u00c1leph students are citizens of the world, capable of investigating and implementing innovative thinking that will impact possitively on our society.","breadcrumb":{"@id":"https:\/\/colegioaleph.edu.pe\/en\/about\/our-students\/#breadcrumb"},"inLanguage":"en-US","potentialAction":[{"@type":"ReadAction","target":["https:\/\/colegioaleph.edu.pe\/en\/about\/our-students\/"]}]},{"@type":"BreadcrumbList","@id":"https:\/\/colegioaleph.edu.pe\/en\/about\/our-students\/#breadcrumb","itemListElement":[{"@type":"ListItem","position":1,"name":"Portada","item":"https:\/\/colegioaleph.edu.pe\/en\/home\/"},{"@type":"ListItem","position":2,"name":"About \u00c1leph","item":"https:\/\/colegioaleph.edu.pe\/en\/about\/"},{"@type":"ListItem","position":3,"name":"Students"}]},{"@type":"WebSite","@id":"https:\/\/colegioaleph.edu.pe\/en\/#website","url":"https:\/\/colegioaleph.edu.pe\/en\/","name":"Aleph :: Sitio Web","description":"Somos una comunidad educativa innovadora de educaci\u00f3n b\u00e1sica, conformada por ni\u00f1os, padres y maestros.","potentialAction":[{"@type":"SearchAction","target":{"@type":"EntryPoint","urlTemplate":"https:\/\/colegioaleph.edu.pe\/en\/?s={search_term_string}"},"query-input":"required name=search_term_string"}],"inLanguage":"en-US"}]}},"_links":{"self":[{"href":"https:\/\/colegioaleph.edu.pe\/en\/wp-json\/wp\/v2\/pages\/2514"}],"collection":[{"href":"https:\/\/colegioaleph.edu.pe\/en\/wp-json\/wp\/v2\/pages"}],"about":[{"href":"https:\/\/colegioaleph.edu.pe\/en\/wp-json\/wp\/v2\/types\/page"}],"author":[{"embeddable":true,"href":"https:\/\/colegioaleph.edu.pe\/en\/wp-json\/wp\/v2\/users\/1"}],"replies":[{"embeddable":true,"href":"https:\/\/colegioaleph.edu.pe\/en\/wp-json\/wp\/v2\/comments?post=2514"}],"version-history":[{"count":7,"href":"https:\/\/colegioaleph.edu.pe\/en\/wp-json\/wp\/v2\/pages\/2514\/revisions"}],"predecessor-version":[{"id":2773,"href":"https:\/\/colegioaleph.edu.pe\/en\/wp-json\/wp\/v2\/pages\/2514\/revisions\/2773"}],"up":[{"embeddable":true,"href":"https:\/\/colegioaleph.edu.pe\/en\/wp-json\/wp\/v2\/pages\/2478"}],"wp:attachment":[{"href":"https:\/\/colegioaleph.edu.pe\/en\/wp-json\/wp\/v2\/media?parent=2514"}],"curies":[{"name":"wp","href":"https:\/\/api.w.org\/{rel}","templated":true}]}}