{"id":2535,"date":"2022-05-29T16:38:47","date_gmt":"2022-05-29T21:38:47","guid":{"rendered":"https:\/\/colegioaleph.edu.pe\/infrastructure\/"},"modified":"2022-09-26T17:17:37","modified_gmt":"2022-09-26T22:17:37","slug":"infrastructure","status":"publish","type":"page","link":"https:\/\/colegioaleph.edu.pe\/en\/infrastructure\/","title":{"rendered":"Infrastructure"},"content":{"rendered":"<p>[et_pb_section fb_built=&#8221;1&#8243; admin_label=&#8221;Encabezado&#8221; _builder_version=&#8221;4.17.4&#8243; _module_preset=&#8221;eb016ef1-3b03-4527-959e-2f7fbcb18ca4&#8243; background_color=&#8221;#B3A7B2&#8243; min_height=&#8221;100%&#8221; custom_padding=&#8221;0px||0px||false|false&#8221; locked=&#8221;off&#8221; collapsed=&#8221;on&#8221; global_colors_info=&#8221;{}&#8221;][et_pb_row column_structure=&#8221;2_3,1_3&#8243; _builder_version=&#8221;4.17.4&#8243; _module_preset=&#8221;default&#8221; collapsed=&#8221;on&#8221; global_colors_info=&#8221;{}&#8221;][et_pb_column type=&#8221;2_3&#8243; _builder_version=&#8221;4.17.4&#8243; _module_preset=&#8221;default&#8221; global_colors_info=&#8221;{}&#8221;][et_pb_text _builder_version=&#8221;4.17.4&#8243; _module_preset=&#8221;21fbd7fe-07ee-46e3-8be4-14e752b96beb&#8221; locked=&#8221;off&#8221; global_colors_info=&#8221;{}&#8221;]<\/p>\n<h1>Infrastructure<\/h1>\n<p>[\/et_pb_text][et_pb_text _builder_version=&#8221;4.17.4&#8243; _module_preset=&#8221;8005d9cc-4f71-43f2-bffb-adca1cd44124&#8243; text_font=&#8221;Adelle|700|||||||&#8221; locked=&#8221;off&#8221; global_colors_info=&#8221;{}&#8221;]<\/p>\n<p>At \u00c1leph, we construct close relationships between architecture, schools spaces, and pedagogy. The school infrastructure was designed under the concept of being one big workshop space: a place were our hands, our ideas, and emotions come together and contribute towards building new knowledge.<\/p>\n<p>[\/et_pb_text][\/et_pb_column][et_pb_column type=&#8221;1_3&#8243; _builder_version=&#8221;4.17.4&#8243; _module_preset=&#8221;default&#8221; global_colors_info=&#8221;{}&#8221;][\/et_pb_column][\/et_pb_row][\/et_pb_section][et_pb_section fb_built=&#8221;1&#8243; admin_label=&#8221;Video&#8221; _builder_version=&#8221;4.17.4&#8243; _module_preset=&#8221;default&#8221; background_color=&#8221;RGBA(255,255,255,0)&#8221; use_background_color_gradient=&#8221;on&#8221; background_color_gradient_stops=&#8221;#b3a7b2 50%|#ffffff 50%&#8221; custom_padding=&#8221;0px||0px||false|false&#8221; locked=&#8221;off&#8221; collapsed=&#8221;off&#8221; global_colors_info=&#8221;{}&#8221;][et_pb_row custom_padding_last_edited=&#8221;on|phone&#8221; _builder_version=&#8221;4.17.4&#8243; _module_preset=&#8221;default&#8221; custom_padding_tablet=&#8221;&#8221; custom_padding_phone=&#8221;||0px||false|false&#8221; global_colors_info=&#8221;{}&#8221;][et_pb_column type=&#8221;4_4&#8243; _builder_version=&#8221;4.17.4&#8243; _module_preset=&#8221;default&#8221; global_colors_info=&#8221;{}&#8221;][et_pb_button button_url=&#8221;https:\/\/youtu.be\/X73bXuNXLOM&#8221; button_text=&#8221; &#8221; module_class=&#8221;boton-imagen auto-icon | vp-a vp-dr &#8221; _builder_version=&#8221;4.17.4&#8243; _module_preset=&#8221;7e65eae9-a698-43b4-9852-552031538740&#8243; button_bg_image=&#8221;https:\/\/colegioaleph.edu.pe\/wp-content\/uploads\/2022\/06\/colegio-video-1.jpg&#8221; positioning=&#8221;relative&#8221; z_index=&#8221;5&#8243; custom_margin=&#8221;|0px|0px|0px|false|false&#8221; custom_padding=&#8221;0px|0px|50%|0px|false|false&#8221; locked=&#8221;off&#8221; global_colors_info=&#8221;{}&#8221;][\/et_pb_button][\/et_pb_column][\/et_pb_row][\/et_pb_section][et_pb_section fb_built=&#8221;1&#8243; admin_label=&#8221;Aulas&#8221; _builder_version=&#8221;4.17.4&#8243; _module_preset=&#8221;default&#8221; custom_padding=&#8221;||||false|false&#8221; locked=&#8221;off&#8221; collapsed=&#8221;off&#8221; global_colors_info=&#8221;{}&#8221;][et_pb_row column_structure=&#8221;1_2,1_2&#8243; custom_padding_last_edited=&#8221;on|phone&#8221; _builder_version=&#8221;4.17.4&#8243; _module_preset=&#8221;default&#8221; custom_padding_tablet=&#8221;&#8221; custom_padding_phone=&#8221;||||false|false&#8221; locked=&#8221;off&#8221; global_colors_info=&#8221;{}&#8221;][et_pb_column type=&#8221;1_2&#8243; admin_label=&#8221;Columna&#8221; _builder_version=&#8221;4.17.4&#8243; _module_preset=&#8221;default&#8221; global_colors_info=&#8221;{}&#8221;][et_pb_text admin_label=&#8221;Subt\u00edtulo&#8221; _builder_version=&#8221;4.17.4&#8243; _module_preset=&#8221;0f3a3529-335d-48e9-ab58-03de7c2ba3e3&#8243; text_text_color=&#8221;#6981A5&#8243; global_colors_info=&#8221;{}&#8221;]<\/p>\n<p>Classrooms<\/p>\n<p>[\/et_pb_text][et_pb_text _builder_version=&#8221;4.17.4&#8243; _module_preset=&#8221;default&#8221; global_colors_info=&#8221;{}&#8221;]Our classrooms aim to promote autnomous work, group collaboration ,and an interdisciplinary focus in the learning experience. Encuentran dentro de ellas contextos variados de investigaci\u00f3n donde indagan y dise\u00f1an en grupos peque\u00f1os.<\/p>\n<p>Each morning, students work based on a reserach questions or challenge and give their research continuity through the use of a broad range of concepts and skills they develop in an individual and collective way.[\/et_pb_text][\/et_pb_column][et_pb_column type=&#8221;1_2&#8243; _builder_version=&#8221;4.17.4&#8243; _module_preset=&#8221;default&#8221; global_colors_info=&#8221;{}&#8221;][et_pb_gallery gallery_ids=&#8221;1978,1953,1954,1952&#8243; fullwidth=&#8221;on&#8221; module_class=&#8221;slider&#8221; _builder_version=&#8221;4.17.4&#8243; _module_preset=&#8221;default&#8221; background_layout=&#8221;dark&#8221; global_colors_info=&#8221;{}&#8221;][\/et_pb_gallery][\/et_pb_column][\/et_pb_row][\/et_pb_section][et_pb_section fb_built=&#8221;1&#8243; admin_label=&#8221;Talleres&#8221; _builder_version=&#8221;4.17.4&#8243; _module_preset=&#8221;default&#8221; background_color=&#8221;#f4f4f4&#8243; custom_padding=&#8221;||||false|false&#8221; locked=&#8221;off&#8221; collapsed=&#8221;off&#8221; global_colors_info=&#8221;{}&#8221;][et_pb_row column_structure=&#8221;1_2,1_2&#8243; custom_padding_last_edited=&#8221;on|phone&#8221; _builder_version=&#8221;4.17.4&#8243; _module_preset=&#8221;default&#8221; custom_padding_tablet=&#8221;&#8221; custom_padding_phone=&#8221;||||false|false&#8221; locked=&#8221;off&#8221; global_colors_info=&#8221;{}&#8221; custom_css_main_element_last_edited=&#8221;on|tablet&#8221; custom_css_main_element_tablet=&#8221;display:flex;||flex-direction:column-reverse;&#8221; custom_css_main_element_phone=&#8221;display:flex;||flex-direction:column-reverse;&#8221;][et_pb_column type=&#8221;1_2&#8243; admin_label=&#8221;Columna&#8221; _builder_version=&#8221;4.17.4&#8243; _module_preset=&#8221;default&#8221; global_colors_info=&#8221;{}&#8221; custom_css_main_element_last_edited=&#8221;on|tablet&#8221; custom_css_main_element_tablet=&#8221;margin-bottom:0;&#8221; custom_css_main_element_phone=&#8221;margin-bottom:0;&#8221;][et_pb_gallery gallery_ids=&#8221;1956,1972,263,1944&#8243; fullwidth=&#8221;on&#8221; module_class=&#8221;slider&#8221; _builder_version=&#8221;4.17.4&#8243; _module_preset=&#8221;default&#8221; background_layout=&#8221;dark&#8221; global_colors_info=&#8221;{}&#8221;][\/et_pb_gallery][\/et_pb_column][et_pb_column type=&#8221;1_2&#8243; admin_label=&#8221;Columna&#8221; _builder_version=&#8221;4.17.4&#8243; _module_preset=&#8221;default&#8221; custom_padding_tablet=&#8221;||30px||false|false&#8221; custom_padding_phone=&#8221;||30px||false|false&#8221; custom_padding_last_edited=&#8221;on|tablet&#8221; global_colors_info=&#8221;{}&#8221; custom_css_main_element_last_edited=&#8221;on|tablet&#8221;][et_pb_text admin_label=&#8221;Subt\u00edtulo&#8221; _builder_version=&#8221;4.17.4&#8243; _module_preset=&#8221;0f3a3529-335d-48e9-ab58-03de7c2ba3e3&#8243; text_text_color=&#8221;#6981A5&#8243; global_colors_info=&#8221;{}&#8221;]<\/p>\n<p>Workshops<\/p>\n<p>[\/et_pb_text][et_pb_text _builder_version=&#8221;4.17.4&#8243; _module_preset=&#8221;default&#8221; global_colors_info=&#8221;{}&#8221;]Workshops at \u00c1leph serve as laboratories where ideas are materialized through different languages, materials, technology and science. <\/p>\n<p>We have a broad range of workshops where students can explore important concepts as part of their investigation. Each group, depending on the age, works with a workshop teacher who has a specialty in the arts, music, movement, dance, theater, circus, biology, engineering, etc. [\/et_pb_text][\/et_pb_column][\/et_pb_row][\/et_pb_section][et_pb_section fb_built=&#8221;1&#8243; admin_label=&#8221;Deporte&#8221; _builder_version=&#8221;4.17.4&#8243; _module_preset=&#8221;default&#8221; custom_padding=&#8221;||||false|false&#8221; locked=&#8221;off&#8221; collapsed=&#8221;off&#8221; global_colors_info=&#8221;{}&#8221;][et_pb_row column_structure=&#8221;1_2,1_2&#8243; custom_padding_last_edited=&#8221;on|phone&#8221; _builder_version=&#8221;4.17.4&#8243; _module_preset=&#8221;default&#8221; custom_padding_tablet=&#8221;&#8221; custom_padding_phone=&#8221;||||false|false&#8221; locked=&#8221;off&#8221; global_colors_info=&#8221;{}&#8221;][et_pb_column type=&#8221;1_2&#8243; admin_label=&#8221;Columna&#8221; _builder_version=&#8221;4.17.4&#8243; _module_preset=&#8221;default&#8221; global_colors_info=&#8221;{}&#8221;][et_pb_text admin_label=&#8221;Subt\u00edtulo&#8221; _builder_version=&#8221;4.17.4&#8243; _module_preset=&#8221;0f3a3529-335d-48e9-ab58-03de7c2ba3e3&#8243; text_text_color=&#8221;#6981A5&#8243; global_colors_info=&#8221;{}&#8221;]<\/p>\n<p>Sports<\/p>\n<p>[\/et_pb_text][et_pb_text _builder_version=&#8221;4.17.4&#8243; _module_preset=&#8221;default&#8221; global_colors_info=&#8221;{}&#8221;]In the design of the school, we have considered an important physical space to favor the practice of different sports, which recognize the importance of physical activity and sports in the integral development of our students. <\/p>\n<p>Students can practice sports like track and field, basketball, soccer, volleyball, handball, etc. As a school, we have been part of the school sport association (ADECOPA) since 2018.<br \/>\nWe have sports fields for football, basketball, volleyball, as well as a 50-meter athletic track, spaces to develop different aspects of psychomotricity, and recreational spaces where students explore different dimensions of Physical Education.<\/p>\n<p>Our physical education project framework aims to help our students build a healthy diet and body, as well as incorporate the practice of a diverse set of sports in their everyday lives.[\/et_pb_text][\/et_pb_column][et_pb_column type=&#8221;1_2&#8243; admin_label=&#8221;Columna&#8221; _builder_version=&#8221;4.17.4&#8243; _module_preset=&#8221;default&#8221; global_colors_info=&#8221;{}&#8221;][et_pb_gallery gallery_ids=&#8221;1958,1959,1960,1961&#8243; fullwidth=&#8221;on&#8221; module_class=&#8221;slider&#8221; _builder_version=&#8221;4.17.4&#8243; _module_preset=&#8221;default&#8221; background_layout=&#8221;dark&#8221; global_colors_info=&#8221;{}&#8221;][\/et_pb_gallery][\/et_pb_column][\/et_pb_row][\/et_pb_section][et_pb_section fb_built=&#8221;1&#8243; disabled_on=&#8221;off|off|off&#8221; admin_label=&#8221;Cocina&#8221; _builder_version=&#8221;4.17.4&#8243; _module_preset=&#8221;default&#8221; background_color=&#8221;#f4f4f4&#8243; custom_padding=&#8221;||||false|false&#8221; locked=&#8221;off&#8221; collapsed=&#8221;off&#8221; global_colors_info=&#8221;{}&#8221;][et_pb_row column_structure=&#8221;1_2,1_2&#8243; _builder_version=&#8221;4.17.4&#8243; _module_preset=&#8221;default&#8221; locked=&#8221;off&#8221; global_colors_info=&#8221;{}&#8221; custom_css_main_element_last_edited=&#8221;on|tablet&#8221; custom_css_main_element_tablet=&#8221;display:flex;||flex-direction:column-reverse;&#8221; custom_css_main_element_phone=&#8221;display:flex;||flex-direction:column-reverse;&#8221;][et_pb_column type=&#8221;1_2&#8243; admin_label=&#8221;Columna&#8221; _builder_version=&#8221;4.17.4&#8243; _module_preset=&#8221;default&#8221; global_colors_info=&#8221;{}&#8221;][et_pb_gallery gallery_ids=&#8221;1963,1964&#8243; fullwidth=&#8221;on&#8221; module_class=&#8221;slider&#8221; _builder_version=&#8221;4.17.4&#8243; _module_preset=&#8221;default&#8221; background_layout=&#8221;dark&#8221; global_colors_info=&#8221;{}&#8221;][\/et_pb_gallery][\/et_pb_column][et_pb_column type=&#8221;1_2&#8243; admin_label=&#8221;Columna&#8221; _builder_version=&#8221;4.17.4&#8243; _module_preset=&#8221;default&#8221; custom_padding_tablet=&#8221;||30px||false|false&#8221; custom_padding_phone=&#8221;||30px||false|false&#8221; custom_padding_last_edited=&#8221;on|tablet&#8221; global_colors_info=&#8221;{}&#8221;][et_pb_text admin_label=&#8221;Subt\u00edtulo&#8221; _builder_version=&#8221;4.17.4&#8243; _module_preset=&#8221;0f3a3529-335d-48e9-ab58-03de7c2ba3e3&#8243; text_text_color=&#8221;#6981A5&#8243; global_colors_info=&#8221;{}&#8221;]<\/p>\n<p>Kitchen<\/p>\n<p>[\/et_pb_text][et_pb_text _builder_version=&#8221;4.17.4&#8243; _module_preset=&#8221;default&#8221; global_colors_info=&#8221;{}&#8221;]The kitchen in \u00c1leph is part of the pedagogical project. We have designed a system around the kitchen that includes collaborative work between nutrition, creative cooking and pedagogy.<\/p>\n<p>Our chef organizes the kitchen in such a way that it integrates healthy eating with creativity. Our kitchen is another example of an interdisciplinary laboratory. We are interested in students experiencing this space as a workshop. therefore, every day we find groups of children cooking, writing recipes, creating menus, setting the tables, exploring new ways of presenting food, and then cleaning the space after use.[\/et_pb_text][\/et_pb_column][\/et_pb_row][\/et_pb_section]<\/p>\n","protected":false},"excerpt":{"rendered":"<p>InfrastructureAt \u00c1leph, we construct close relationships between architecture, schools spaces, and pedagogy. The school infrastructure was designed under the concept of being one big workshop space: a place were our hands, our ideas, and emotions come together and contribute towards building new knowledge.ClassroomsOur classrooms aim to promote autnomous work, group collaboration ,and an interdisciplinary focus [&hellip;]<\/p>\n","protected":false},"author":1,"featured_media":0,"parent":0,"menu_order":4,"comment_status":"closed","ping_status":"closed","template":"","meta":{"_et_pb_use_builder":"on","_et_pb_old_content":"","_et_gb_content_width":"","footnotes":""},"yoast_head":"<!-- This site is optimized with the Yoast SEO plugin v19.7.1 - https:\/\/yoast.com\/wordpress\/plugins\/seo\/ -->\n<title>\u00c1leph School - infrastructure<\/title>\n<meta name=\"description\" content=\"We construct close relationships between architecture, schools spaces, and pedagogy. The school was designed under the concept of being one big workshop space.\" \/>\n<meta name=\"robots\" content=\"index, follow, max-snippet:-1, max-image-preview:large, max-video-preview:-1\" \/>\n<link rel=\"canonical\" href=\"https:\/\/colegioaleph.edu.pe\/en\/infrastructure\/\" \/>\n<meta property=\"og:locale\" content=\"en_US\" \/>\n<meta property=\"og:type\" content=\"article\" \/>\n<meta property=\"og:title\" content=\"\u00c1leph School - infrastructure\" \/>\n<meta property=\"og:description\" content=\"We construct close relationships between architecture, schools spaces, and pedagogy. The school was designed under the concept of being one big workshop space.\" \/>\n<meta property=\"og:url\" content=\"https:\/\/colegioaleph.edu.pe\/en\/infrastructure\/\" \/>\n<meta property=\"og:site_name\" content=\"Aleph :: Sitio Web\" \/>\n<meta property=\"article:modified_time\" content=\"2022-09-26T22:17:37+00:00\" \/>\n<meta name=\"twitter:card\" content=\"summary_large_image\" \/>\n<meta name=\"twitter:label1\" content=\"Est. reading time\" \/>\n\t<meta name=\"twitter:data1\" content=\"3 minutes\" \/>\n<script type=\"application\/ld+json\" class=\"yoast-schema-graph\">{\"@context\":\"https:\/\/schema.org\",\"@graph\":[{\"@type\":\"WebPage\",\"@id\":\"https:\/\/colegioaleph.edu.pe\/en\/infrastructure\/\",\"url\":\"https:\/\/colegioaleph.edu.pe\/en\/infrastructure\/\",\"name\":\"\u00c1leph School - infrastructure\",\"isPartOf\":{\"@id\":\"https:\/\/colegioaleph.edu.pe\/en\/#website\"},\"datePublished\":\"2022-05-29T21:38:47+00:00\",\"dateModified\":\"2022-09-26T22:17:37+00:00\",\"description\":\"We construct close relationships between architecture, schools spaces, and pedagogy. The school was designed under the concept of being one big workshop space.\",\"breadcrumb\":{\"@id\":\"https:\/\/colegioaleph.edu.pe\/en\/infrastructure\/#breadcrumb\"},\"inLanguage\":\"en-US\",\"potentialAction\":[{\"@type\":\"ReadAction\",\"target\":[\"https:\/\/colegioaleph.edu.pe\/en\/infrastructure\/\"]}]},{\"@type\":\"BreadcrumbList\",\"@id\":\"https:\/\/colegioaleph.edu.pe\/en\/infrastructure\/#breadcrumb\",\"itemListElement\":[{\"@type\":\"ListItem\",\"position\":1,\"name\":\"Portada\",\"item\":\"https:\/\/colegioaleph.edu.pe\/en\/home\/\"},{\"@type\":\"ListItem\",\"position\":2,\"name\":\"Infrastructure\"}]},{\"@type\":\"WebSite\",\"@id\":\"https:\/\/colegioaleph.edu.pe\/en\/#website\",\"url\":\"https:\/\/colegioaleph.edu.pe\/en\/\",\"name\":\"Aleph :: Sitio Web\",\"description\":\"Somos una comunidad educativa innovadora de educaci\u00f3n b\u00e1sica, conformada por ni\u00f1os, padres y maestros.\",\"potentialAction\":[{\"@type\":\"SearchAction\",\"target\":{\"@type\":\"EntryPoint\",\"urlTemplate\":\"https:\/\/colegioaleph.edu.pe\/en\/?s={search_term_string}\"},\"query-input\":\"required name=search_term_string\"}],\"inLanguage\":\"en-US\"}]}<\/script>\n<!-- \/ Yoast SEO plugin. -->","yoast_head_json":{"title":"\u00c1leph School - infrastructure","description":"We construct close relationships between architecture, schools spaces, and pedagogy. The school was designed under the concept of being one big workshop space.","robots":{"index":"index","follow":"follow","max-snippet":"max-snippet:-1","max-image-preview":"max-image-preview:large","max-video-preview":"max-video-preview:-1"},"canonical":"https:\/\/colegioaleph.edu.pe\/en\/infrastructure\/","og_locale":"en_US","og_type":"article","og_title":"\u00c1leph School - infrastructure","og_description":"We construct close relationships between architecture, schools spaces, and pedagogy. The school was designed under the concept of being one big workshop space.","og_url":"https:\/\/colegioaleph.edu.pe\/en\/infrastructure\/","og_site_name":"Aleph :: Sitio Web","article_modified_time":"2022-09-26T22:17:37+00:00","twitter_card":"summary_large_image","twitter_misc":{"Est. reading time":"3 minutes"},"schema":{"@context":"https:\/\/schema.org","@graph":[{"@type":"WebPage","@id":"https:\/\/colegioaleph.edu.pe\/en\/infrastructure\/","url":"https:\/\/colegioaleph.edu.pe\/en\/infrastructure\/","name":"\u00c1leph School - infrastructure","isPartOf":{"@id":"https:\/\/colegioaleph.edu.pe\/en\/#website"},"datePublished":"2022-05-29T21:38:47+00:00","dateModified":"2022-09-26T22:17:37+00:00","description":"We construct close relationships between architecture, schools spaces, and pedagogy. The school was designed under the concept of being one big workshop space.","breadcrumb":{"@id":"https:\/\/colegioaleph.edu.pe\/en\/infrastructure\/#breadcrumb"},"inLanguage":"en-US","potentialAction":[{"@type":"ReadAction","target":["https:\/\/colegioaleph.edu.pe\/en\/infrastructure\/"]}]},{"@type":"BreadcrumbList","@id":"https:\/\/colegioaleph.edu.pe\/en\/infrastructure\/#breadcrumb","itemListElement":[{"@type":"ListItem","position":1,"name":"Portada","item":"https:\/\/colegioaleph.edu.pe\/en\/home\/"},{"@type":"ListItem","position":2,"name":"Infrastructure"}]},{"@type":"WebSite","@id":"https:\/\/colegioaleph.edu.pe\/en\/#website","url":"https:\/\/colegioaleph.edu.pe\/en\/","name":"Aleph :: Sitio Web","description":"Somos una comunidad educativa innovadora de educaci\u00f3n b\u00e1sica, conformada por ni\u00f1os, padres y maestros.","potentialAction":[{"@type":"SearchAction","target":{"@type":"EntryPoint","urlTemplate":"https:\/\/colegioaleph.edu.pe\/en\/?s={search_term_string}"},"query-input":"required name=search_term_string"}],"inLanguage":"en-US"}]}},"_links":{"self":[{"href":"https:\/\/colegioaleph.edu.pe\/en\/wp-json\/wp\/v2\/pages\/2535"}],"collection":[{"href":"https:\/\/colegioaleph.edu.pe\/en\/wp-json\/wp\/v2\/pages"}],"about":[{"href":"https:\/\/colegioaleph.edu.pe\/en\/wp-json\/wp\/v2\/types\/page"}],"author":[{"embeddable":true,"href":"https:\/\/colegioaleph.edu.pe\/en\/wp-json\/wp\/v2\/users\/1"}],"replies":[{"embeddable":true,"href":"https:\/\/colegioaleph.edu.pe\/en\/wp-json\/wp\/v2\/comments?post=2535"}],"version-history":[{"count":7,"href":"https:\/\/colegioaleph.edu.pe\/en\/wp-json\/wp\/v2\/pages\/2535\/revisions"}],"predecessor-version":[{"id":3121,"href":"https:\/\/colegioaleph.edu.pe\/en\/wp-json\/wp\/v2\/pages\/2535\/revisions\/3121"}],"wp:attachment":[{"href":"https:\/\/colegioaleph.edu.pe\/en\/wp-json\/wp\/v2\/media?parent=2535"}],"curies":[{"name":"wp","href":"https:\/\/api.w.org\/{rel}","templated":true}]}}