{"id":3351,"date":"2023-05-09T10:07:29","date_gmt":"2023-05-09T15:07:29","guid":{"rendered":"https:\/\/colegioaleph.edu.pe\/alianzas-estrategicas\/"},"modified":"2023-11-07T13:17:58","modified_gmt":"2023-11-07T18:17:58","slug":"strategic-alliances","status":"publish","type":"page","link":"https:\/\/colegioaleph.edu.pe\/en\/strategic-alliances\/","title":{"rendered":"Strategic Alliances"},"content":{"rendered":"<p>[et_pb_section fb_built=&#8221;1&#8243; admin_label=&#8221;Encabezado&#8221; _builder_version=&#8221;4.17.4&#8243; _module_preset=&#8221;eb016ef1-3b03-4527-959e-2f7fbcb18ca4&#8243; background_color=&#8221;#60abbe&#8221; min_height=&#8221;100%&#8221; custom_padding=&#8221;0px||0px||false|false&#8221; locked=&#8221;off&#8221; collapsed=&#8221;on&#8221; global_colors_info=&#8221;{}&#8221;][et_pb_row _builder_version=&#8221;4.17.4&#8243; _module_preset=&#8221;default&#8221; global_colors_info=&#8221;{}&#8221;][et_pb_column type=&#8221;4_4&#8243; _builder_version=&#8221;4.17.4&#8243; _module_preset=&#8221;default&#8221; global_colors_info=&#8221;{}&#8221;][et_pb_text _builder_version=&#8221;4.17.4&#8243; _module_preset=&#8221;21fbd7fe-07ee-46e3-8be4-14e752b96beb&#8221; locked=&#8221;off&#8221; global_colors_info=&#8221;{}&#8221;]<\/p>\n<h1>Strategic Alliances <\/h1>\n<p>[\/et_pb_text][\/et_pb_column][\/et_pb_row][et_pb_row column_structure=&#8221;1_2,1_2&#8243; _builder_version=&#8221;4.17.4&#8243; _module_preset=&#8221;eece2313-dcfb-4fca-8cac-d2bb483aecba&#8221; custom_padding=&#8221;0vw||4vw||false|false&#8221; locked=&#8221;off&#8221; global_colors_info=&#8221;{}&#8221;][et_pb_column type=&#8221;1_2&#8243; _builder_version=&#8221;4.17.4&#8243; _module_preset=&#8221;default&#8221; global_colors_info=&#8221;{}&#8221;][et_pb_text _builder_version=&#8221;4.17.4&#8243; _module_preset=&#8221;default&#8221; text_text_color=&#8221;#FFFFFF&#8221; text_line_height=&#8221;1.3em&#8221; locked=&#8221;off&#8221; global_colors_info=&#8221;{}&#8221;]<strong>At Aleph, we aim to extend learning beyond the classroom. With this goal in mind, we have forged synergies with various profiles from cultural, scientific, environmental, entrepreneurial, and educational institutions that have international presence. Through these partnerships, we offer our students complimentary experiences that enhance their academic and soft skills, enabling them to become significant contributors to the development of our country.<\/strong><\/p>\n<p>All the organizations, schools, and universities we collaborate with are aligned with our pedagogical approach and, like us, emphasize innovation and an integrative educational perspective. [\/et_pb_text][\/et_pb_column][et_pb_column type=&#8221;1_2&#8243; _builder_version=&#8221;4.17.4&#8243; _module_preset=&#8221;default&#8221; global_colors_info=&#8221;{}&#8221;][et_pb_image src=&#8221;https:\/\/colegioaleph.edu.pe\/wp-content\/uploads\/2023\/05\/Full-Day-Aleph.jpg&#8221; alt=&#8221;Team&#8221; title_text=&#8221;Full-Day-Aleph&#8221; _builder_version=&#8221;4.17.4&#8243; _module_preset=&#8221;default&#8221; global_colors_info=&#8221;{}&#8221;][\/et_pb_image][\/et_pb_column][\/et_pb_row][\/et_pb_section][et_pb_section fb_built=&#8221;1&#8243; _builder_version=&#8221;4.17.4&#8243; _module_preset=&#8221;default&#8221; custom_padding=&#8221;||||false|false&#8221; global_colors_info=&#8221;{}&#8221;][et_pb_row custom_padding_last_edited=&#8221;on|tablet&#8221; _builder_version=&#8221;4.17.4&#8243; _module_preset=&#8221;default&#8221; custom_padding=&#8221;||3px|||&#8221; custom_padding_tablet=&#8221;||0px||false|false&#8221; custom_padding_phone=&#8221;||0px||false|false&#8221; locked=&#8221;off&#8221; global_colors_info=&#8221;{}&#8221;][et_pb_column type=&#8221;4_4&#8243; _builder_version=&#8221;4.17.4&#8243; _module_preset=&#8221;default&#8221; global_colors_info=&#8221;{}&#8221;][et_pb_text _builder_version=&#8221;4.17.4&#8243; _module_preset=&#8221;0f3a3529-335d-48e9-ab58-03de7c2ba3e3&#8243; text_text_color=&#8221;#6981A5&#8243; global_colors_info=&#8221;{}&#8221;]<\/p>\n<p>Preparing for the future<\/p>\n<p>[\/et_pb_text][et_pb_blurb _builder_version=&#8221;4.17.4&#8243; _module_preset=&#8221;458c2f00-55f0-4959-9a3e-254479418b95&#8243; global_colors_info=&#8221;{}&#8221;]The purpose of strategic alliances at Aleph is to provide students with opportunities to delve deeper into their interests and passions, transferring the value of their learning and research to real-world contexts.<\/p>\n<p>Objectives:[\/et_pb_blurb][\/et_pb_column][\/et_pb_row][et_pb_row column_structure=&#8221;1_2,1_2&#8243; use_custom_gutter=&#8221;on&#8221; gutter_width=&#8221;1&#8243; make_equal=&#8221;on&#8221; _builder_version=&#8221;4.17.4&#8243; _module_preset=&#8221;default&#8221; background_color=&#8221;#6981A5&#8243; custom_padding=&#8221;0px||0px||false|false&#8221; global_colors_info=&#8221;{}&#8221;][et_pb_column type=&#8221;1_2&#8243; _builder_version=&#8221;4.17.4&#8243; _module_preset=&#8221;default&#8221; background_image=&#8221;https:\/\/colegioaleph.edu.pe\/wp-content\/uploads\/2023\/05\/fotopreparacion.jpg&#8221; global_colors_info=&#8221;{}&#8221;][et_pb_code _builder_version=&#8221;4.17.4&#8243; _module_preset=&#8221;default&#8221; custom_padding_tablet=&#8221;&#8221; custom_padding_phone=&#8221;300px||||false|false&#8221; custom_padding_last_edited=&#8221;on|phone&#8221; global_colors_info=&#8221;{}&#8221;] [\/et_pb_code][\/et_pb_column][et_pb_column type=&#8221;1_2&#8243; _builder_version=&#8221;4.17.4&#8243; _module_preset=&#8221;default&#8221; custom_padding=&#8221;|20px||20px|false|false&#8221; global_colors_info=&#8221;{}&#8221;][et_pb_text _builder_version=&#8221;4.17.4&#8243; _module_preset=&#8221;default&#8221; text_text_color=&#8221;#FFFFFF&#8221; custom_padding=&#8221;40px|30px|40px|30px|false|false&#8221; hover_enabled=&#8221;0&#8243; global_colors_info=&#8221;{}&#8221; sticky_enabled=&#8221;0&#8243;]<\/p>\n<p><span>Our strategic alliances aim to empower students as responsible global citizens, connecting them with the world and inspiring them to create social impact. We encourage boundary-breaking learning and embrace diversity, all while offering a multitude of character-building opportunities for a well-rounded education. Joining our school means providing your child with a holistic, globally-minded education that prepares them for a bright future.<\/span><\/p>\n<p>[\/et_pb_text][\/et_pb_column][\/et_pb_row][\/et_pb_section][et_pb_section fb_built=&#8221;1&#8243; _builder_version=&#8221;4.17.4&#8243; _module_preset=&#8221;default&#8221; global_colors_info=&#8221;{}&#8221;][et_pb_row _builder_version=&#8221;4.17.4&#8243; _module_preset=&#8221;default&#8221; global_colors_info=&#8221;{}&#8221;][et_pb_column type=&#8221;4_4&#8243; _builder_version=&#8221;4.17.4&#8243; _module_preset=&#8221;default&#8221; global_colors_info=&#8221;{}&#8221;][et_pb_text _builder_version=&#8221;4.17.4&#8243; _module_preset=&#8221;default&#8221; global_colors_info=&#8221;{}&#8221;]Here, we present to you our new strategic alliances:[\/et_pb_text][\/et_pb_column][\/et_pb_row][et_pb_row _builder_version=&#8221;4.17.4&#8243; _module_preset=&#8221;default&#8221; max_width=&#8221;974px&#8221; global_colors_info=&#8221;{}&#8221;][et_pb_column type=&#8221;4_4&#8243; _builder_version=&#8221;4.17.4&#8243; _module_preset=&#8221;default&#8221; global_colors_info=&#8221;{}&#8221;][et_pb_text _builder_version=&#8221;4.17.4&#8243; _module_preset=&#8221;0f3a3529-335d-48e9-ab58-03de7c2ba3e3&#8243; text_text_color=&#8221;#60abbe&#8221; text_orientation=&#8221;center&#8221; custom_padding=&#8221;||20px||false|false&#8221; global_colors_info=&#8221;{}&#8221;]Outstanding Alliances[\/et_pb_text][et_pb_slider arrows_custom_color=&#8221;#FFFFFF&#8221; _builder_version=&#8221;4.17.4&#8243; _module_preset=&#8221;default&#8221; header_font=&#8221;|700|||||||&#8221; header_text_color=&#8221;#606060&#8243; header_font_size=&#8221;33px&#8221; body_text_color=&#8221;#606060&#8243; body_font_size=&#8221;17px&#8221; text_orientation=&#8221;left&#8221; custom_css_slide_description=&#8221;width:80%;||padding-top:40px;||padding-bottom:40px;||text-shadow: inherit;&#8221; custom_css_slide_image=&#8221;width:140px;||&#8221; custom_css_slide_arrows=&#8221;background-color:#60abbe;||border-radius:50%;&#8221; global_colors_info=&#8221;{}&#8221;][et_pb_slide heading=&#8221;Round Square&#8221; image=&#8221;https:\/\/colegioaleph.edu.pe\/wp-content\/uploads\/2023\/05\/ROUND-SQUARE.png&#8221; _builder_version=&#8221;4.17.4&#8243; _module_preset=&#8221;default&#8221; header_level=&#8221;h2&#8243; header_font=&#8221;|600|||||||&#8221; header_text_color=&#8221;#606060&#8243; header_font_size=&#8221;25px&#8221; body_text_color=&#8221;#606060&#8243; background_color=&#8221;#f4f4f4&#8243; background_enable_color=&#8221;on&#8221; custom_css_slide_title=&#8221;padding-bottom:20px;&#8221; custom_css_slide_image=&#8221;width:200px;||margin-top:-150px!important;&#8221; global_colors_info=&#8221;{}&#8221; sticky_transition=&#8221;on&#8221;]<\/p>\n<p>Since 2023, \u00c1leph School has become a member of an esteemed international network consisting of 230 schools across 50 countries. Round Square is a non-profit organization that brings together schools to provide exceptional programs and experiences, cultivating global competencies, character, and confidence in students.<\/p>\n<p>Aleph proudly stands as the fourth Peruvian school to gain admission into this prestigious network. As a result, our students will have the opportunity to engage in a range of worldwide exchanges, international conferences, virtual global experiences, and diverse collaborations with schools worldwide.<\/p>\n<p>[\/et_pb_slide][et_pb_slide heading=&#8221;Education Abroad Latin America&#8221; image=&#8221;https:\/\/colegioaleph.edu.pe\/wp-content\/uploads\/2023\/05\/Education-abroad.png&#8221; _builder_version=&#8221;4.17.4&#8243; _module_preset=&#8221;default&#8221; header_level=&#8221;h2&#8243; header_font=&#8221;|600|||||||&#8221; header_text_color=&#8221;#606060&#8243; header_font_size=&#8221;25px&#8221; body_text_color=&#8221;#606060&#8243; background_color=&#8221;#f4f4f4&#8243; background_enable_color=&#8221;on&#8221; custom_css_slide_title=&#8221;padding-bottom:20px;&#8221; custom_css_slide_image=&#8221;width:200px;||margin-top: -139px!important;&#8221; global_colors_info=&#8221;{}&#8221; sticky_transition=&#8221;on&#8221;]<\/p>\n<p>This alliance provides us with access to a virtual admissions office comprising approximately 50 American universities and colleges. Our students can avail themselves of vocational guidance and college counseling services at no cost.<\/p>\n<p>Additionally, they offer exclusive discounts at select colleges. Students from Citizens High School receive additional admission benefits, as well as enrollment and course validation advantages.<\/p>\n<p>[\/et_pb_slide][et_pb_slide heading=&#8221;Liga Peruana de Debate Escolar&#8221; image=&#8221;https:\/\/colegioaleph.edu.pe\/wp-content\/uploads\/2023\/05\/LPDE-logo.png&#8221; _builder_version=&#8221;4.17.4&#8243; _module_preset=&#8221;default&#8221; header_level=&#8221;h2&#8243; header_font=&#8221;|600|||||||&#8221; header_text_color=&#8221;#606060&#8243; header_font_size=&#8221;25px&#8221; body_text_color=&#8221;#606060&#8243; background_color=&#8221;#f4f4f4&#8243; background_enable_color=&#8221;on&#8221; custom_css_slide_title=&#8221;padding-bottom:20px;&#8221; custom_css_slide_image=&#8221;width:200px;||margin-top: -127px!important;&#8221; global_colors_info=&#8221;{}&#8221; sticky_transition=&#8221;on&#8221;]<\/p>\n<p>This is an initiative led by the Center for Educational Development Research (CIDE-Did\u00e1ctica) in collaboration with the Universidad de Lima. Through a range of experiences such as debates, tournaments, and other events, students are provided with opportunities to enhance their expressive abilities in both Spanish and English. This alliance offers them a unique opportunity to engage with students from over 148 public and private schools across 13 regions of the country, as well as the possibility to participate in international conferences.<\/p>\n<p>[\/et_pb_slide][\/et_pb_slider][\/et_pb_column][\/et_pb_row][\/et_pb_section][et_pb_section fb_built=&#8221;1&#8243; _builder_version=&#8221;4.17.4&#8243; _module_preset=&#8221;default&#8221; custom_padding=&#8221;||||false|false&#8221; global_colors_info=&#8221;{}&#8221;][et_pb_row custom_padding_last_edited=&#8221;on|tablet&#8221; _builder_version=&#8221;4.17.4&#8243; _module_preset=&#8221;default&#8221; custom_padding=&#8221;||3px|||&#8221; custom_padding_tablet=&#8221;||0px||false|false&#8221; custom_padding_phone=&#8221;||0px||false|false&#8221; locked=&#8221;off&#8221; global_colors_info=&#8221;{}&#8221;][et_pb_column type=&#8221;4_4&#8243; _builder_version=&#8221;4.17.4&#8243; _module_preset=&#8221;default&#8221; global_colors_info=&#8221;{}&#8221;][et_pb_text _builder_version=&#8221;4.17.4&#8243; _module_preset=&#8221;0f3a3529-335d-48e9-ab58-03de7c2ba3e3&#8243; text_text_color=&#8221;#6981A5&#8243; global_colors_info=&#8221;{}&#8221;]Student Trips (Secondary)[\/et_pb_text][\/et_pb_column][\/et_pb_row][et_pb_row column_structure=&#8221;1_2,1_2&#8243; use_custom_gutter=&#8221;on&#8221; _builder_version=&#8221;4.17.4&#8243; _module_preset=&#8221;default&#8221; background_enable_color=&#8221;off&#8221; custom_padding=&#8221;0px||0px||false|false&#8221; global_colors_info=&#8221;{}&#8221;][et_pb_column type=&#8221;1_2&#8243; _builder_version=&#8221;4.17.4&#8243; _module_preset=&#8221;default&#8221; custom_padding=&#8221;||30px||false|false&#8221; global_colors_info=&#8221;{}&#8221;][et_pb_gallery gallery_ids=&#8221;3316,3318,3320,3322,3324&#8243; fullwidth=&#8221;on&#8221; module_class=&#8221;slider&#8221; _builder_version=&#8221;4.17.4&#8243; _module_preset=&#8221;default&#8221; background_layout=&#8221;dark&#8221; locked=&#8221;off&#8221; global_colors_info=&#8221;{}&#8221;][\/et_pb_gallery][\/et_pb_column][et_pb_column type=&#8221;1_2&#8243; _builder_version=&#8221;4.17.4&#8243; _module_preset=&#8221;default&#8221; global_colors_info=&#8221;{}&#8221;][et_pb_blurb _builder_version=&#8221;4.17.4&#8243; _module_preset=&#8221;458c2f00-55f0-4959-9a3e-254479418b95&#8243; global_colors_info=&#8221;{}&#8221;]Through a collaborative agreement with multiple institutions, we engage in the co-design of study trips for our secondary students. These trips provide them with the opportunity to undertake scientific research projects, devise solutions to community issues, and gain valuable exposure to diverse realities.<\/p>\n<p>Algunas de las instituciones con las que desarrollamos estas experiencias:[\/et_pb_blurb][dica_divi_carousel item_width_auto=&#8221;on&#8221; item_width=&#8221;158px&#8221; loop=&#8221;on&#8221; autoplay=&#8221;on&#8221; autoplay_speed=&#8221;2000&#8243; dot_nav=&#8221;on&#8221; equal_height=&#8221;on&#8221; advanced_effect=&#8221;1&#8243; _builder_version=&#8221;4.17.4&#8243; _module_preset=&#8221;default&#8221; custom_margin=&#8221;||0px||false|false&#8221; custom_padding=&#8221;||0px||false|false&#8221; global_colors_info=&#8221;{}&#8221;][dica_divi_carouselitem button_url_new_window=&#8221;1&#8243; image=&#8221;https:\/\/colegioaleph.edu.pe\/wp-content\/uploads\/2023\/05\/logo-ensena.jpg&#8221; _builder_version=&#8221;4.17.4&#8243; _module_preset=&#8221;default&#8221; global_colors_info=&#8221;{}&#8221;][\/dica_divi_carouselitem][dica_divi_carouselitem button_url_new_window=&#8221;1&#8243; image=&#8221;https:\/\/colegioaleph.edu.pe\/wp-content\/uploads\/2023\/05\/logo-arcoiris.jpg&#8221; _builder_version=&#8221;4.17.4&#8243; _module_preset=&#8221;default&#8221; global_colors_info=&#8221;{}&#8221;][\/dica_divi_carouselitem][dica_divi_carouselitem button_url_new_window=&#8221;1&#8243; image=&#8221;https:\/\/colegioaleph.edu.pe\/wp-content\/uploads\/2023\/05\/logo-riaco-1.jpg&#8221; _builder_version=&#8221;4.17.4&#8243; _module_preset=&#8221;default&#8221; global_colors_info=&#8221;{}&#8221;][\/dica_divi_carouselitem][\/dica_divi_carousel][et_pb_text _builder_version=&#8221;4.17.4&#8243; _module_preset=&#8221;default&#8221; global_colors_info=&#8221;{}&#8221;]Study trips enable students to identify community problems and subsequently design potential solutions upon their return to school. The ultimate objective is for students to embark on a second trip to present their proposals and evaluate the outcomes. [\/et_pb_text][\/et_pb_column][\/et_pb_row][\/et_pb_section][et_pb_section fb_built=&#8221;1&#8243; admin_label=&#8221;Descubre ( Formulario )&#8221; module_id=&#8221;descubre-aleph&#8221; _builder_version=&#8221;4.17.4&#8243; _module_preset=&#8221;default&#8221; background_color=&#8221;#60abbe&#8221; collapsed=&#8221;off&#8221; global_colors_info=&#8221;{}&#8221;][et_pb_row _builder_version=&#8221;4.17.4&#8243; _module_preset=&#8221;default&#8221; global_colors_info=&#8221;{}&#8221;][et_pb_column type=&#8221;4_4&#8243; _builder_version=&#8221;4.17.4&#8243; _module_preset=&#8221;default&#8221; global_colors_info=&#8221;{}&#8221;][et_pb_text _builder_version=&#8221;4.17.4&#8243; _module_preset=&#8221;21fbd7fe-07ee-46e3-8be4-14e752b96beb&#8221; locked=&#8221;off&#8221; global_colors_info=&#8221;{}&#8221;]<\/p>\n<h1>Collaborative Projects<\/h1>\n<p>[\/et_pb_text][et_pb_text _builder_version=&#8221;4.17.4&#8243; _module_preset=&#8221;default&#8221; text_text_color=&#8221;#FFFFFF&#8221; global_colors_info=&#8221;{}&#8221;]<\/p>\n<p>In collaboration with renowned institutions, we develop research projects and participatory experiences with our students.<\/p>\n<p>[\/et_pb_text][\/et_pb_column][\/et_pb_row][et_pb_row column_structure=&#8221;1_2,1_2&#8243; _builder_version=&#8221;4.17.4&#8243; _module_preset=&#8221;default&#8221; global_colors_info=&#8221;{}&#8221;][et_pb_column type=&#8221;1_2&#8243; _builder_version=&#8221;4.17.4&#8243; _module_preset=&#8221;default&#8221; global_colors_info=&#8221;{}&#8221;][et_pb_text _builder_version=&#8221;4.17.4&#8243; _module_preset=&#8221;default&#8221; text_font=&#8221;|600|||||||&#8221; text_text_color=&#8221;#FFFFFF&#8221; text_font_size=&#8221;20px&#8221; custom_padding=&#8221;|||30px|false|false&#8221; global_colors_info=&#8221;{}&#8221;]<\/p>\n<ul>\n<li>Museo de Arte Contempor\u00e1neo (MAC): Innovation Project &#8211; Bringing the museum to the neighborhood: Exploring ways to foster community engagement.<\/li>\n<li>Delving into technology through a partnership with co-founders and specialists from Laboratoria: Designing a technological solution specifically tailored for Aleph.<\/li>\n<li>DELOSI: Internships for fourth and fifth-year secondary students: A week-long immersive experience at a private company.<\/li>\n<\/ul>\n<p>[\/et_pb_text][\/et_pb_column][et_pb_column type=&#8221;1_2&#8243; _builder_version=&#8221;4.17.4&#8243; _module_preset=&#8221;default&#8221; global_colors_info=&#8221;{}&#8221;][et_pb_image src=&#8221;https:\/\/colegioaleph.edu.pe\/wp-content\/uploads\/2023\/05\/fotp-proyectos.jpg&#8221; title_text=&#8221;fotp-proyectos&#8221; _builder_version=&#8221;4.17.4&#8243; _module_preset=&#8221;default&#8221; global_colors_info=&#8221;{}&#8221;][\/et_pb_image][\/et_pb_column][\/et_pb_row][\/et_pb_section]<\/p>\n","protected":false},"excerpt":{"rendered":"<p>Strategic Alliances At Aleph, we aim to extend learning beyond the classroom. With this goal in mind, we have forged synergies with various profiles from cultural, scientific, environmental, entrepreneurial, and educational institutions that have international presence. Through these partnerships, we offer our students complimentary experiences that enhance their academic and soft skills, enabling them to [&hellip;]<\/p>\n","protected":false},"author":1,"featured_media":0,"parent":0,"menu_order":0,"comment_status":"closed","ping_status":"closed","template":"","meta":{"_et_pb_use_builder":"on","_et_pb_old_content":"","_et_gb_content_width":"","footnotes":""},"yoast_head":"<!-- This site is optimized with the Yoast SEO plugin v19.7.1 - https:\/\/yoast.com\/wordpress\/plugins\/seo\/ -->\n<title>Strategic Alliances - Aleph :: Sitio Web<\/title>\n<meta name=\"robots\" content=\"index, follow, max-snippet:-1, max-image-preview:large, max-video-preview:-1\" \/>\n<link rel=\"canonical\" href=\"https:\/\/colegioaleph.edu.pe\/en\/strategic-alliances\/\" \/>\n<meta property=\"og:locale\" content=\"en_US\" \/>\n<meta property=\"og:type\" content=\"article\" \/>\n<meta property=\"og:title\" content=\"Strategic Alliances - Aleph :: Sitio Web\" \/>\n<meta property=\"og:description\" content=\"Strategic Alliances At Aleph, we aim to extend learning beyond the classroom. With this goal in mind, we have forged synergies with various profiles from cultural, scientific, environmental, entrepreneurial, and educational institutions that have international presence. Through these partnerships, we offer our students complimentary experiences that enhance their academic and soft skills, enabling them to [&hellip;]\" \/>\n<meta property=\"og:url\" content=\"https:\/\/colegioaleph.edu.pe\/en\/strategic-alliances\/\" \/>\n<meta property=\"og:site_name\" content=\"Aleph :: Sitio Web\" \/>\n<meta property=\"article:modified_time\" content=\"2023-11-07T18:17:58+00:00\" \/>\n<meta name=\"twitter:card\" content=\"summary_large_image\" \/>\n<meta name=\"twitter:label1\" content=\"Est. reading time\" \/>\n\t<meta name=\"twitter:data1\" content=\"10 minutes\" \/>\n<script type=\"application\/ld+json\" class=\"yoast-schema-graph\">{\"@context\":\"https:\/\/schema.org\",\"@graph\":[{\"@type\":\"WebPage\",\"@id\":\"https:\/\/colegioaleph.edu.pe\/en\/strategic-alliances\/\",\"url\":\"https:\/\/colegioaleph.edu.pe\/en\/strategic-alliances\/\",\"name\":\"Strategic Alliances - Aleph :: Sitio Web\",\"isPartOf\":{\"@id\":\"https:\/\/colegioaleph.edu.pe\/en\/#website\"},\"datePublished\":\"2023-05-09T15:07:29+00:00\",\"dateModified\":\"2023-11-07T18:17:58+00:00\",\"breadcrumb\":{\"@id\":\"https:\/\/colegioaleph.edu.pe\/en\/strategic-alliances\/#breadcrumb\"},\"inLanguage\":\"en-US\",\"potentialAction\":[{\"@type\":\"ReadAction\",\"target\":[\"https:\/\/colegioaleph.edu.pe\/en\/strategic-alliances\/\"]}]},{\"@type\":\"BreadcrumbList\",\"@id\":\"https:\/\/colegioaleph.edu.pe\/en\/strategic-alliances\/#breadcrumb\",\"itemListElement\":[{\"@type\":\"ListItem\",\"position\":1,\"name\":\"Portada\",\"item\":\"https:\/\/colegioaleph.edu.pe\/en\/home\/\"},{\"@type\":\"ListItem\",\"position\":2,\"name\":\"Strategic Alliances\"}]},{\"@type\":\"WebSite\",\"@id\":\"https:\/\/colegioaleph.edu.pe\/en\/#website\",\"url\":\"https:\/\/colegioaleph.edu.pe\/en\/\",\"name\":\"Aleph :: Sitio Web\",\"description\":\"Somos una comunidad educativa innovadora de educaci\u00f3n b\u00e1sica, conformada por ni\u00f1os, padres y maestros.\",\"potentialAction\":[{\"@type\":\"SearchAction\",\"target\":{\"@type\":\"EntryPoint\",\"urlTemplate\":\"https:\/\/colegioaleph.edu.pe\/en\/?s={search_term_string}\"},\"query-input\":\"required name=search_term_string\"}],\"inLanguage\":\"en-US\"}]}<\/script>\n<!-- \/ Yoast SEO plugin. -->","yoast_head_json":{"title":"Strategic Alliances - Aleph :: Sitio Web","robots":{"index":"index","follow":"follow","max-snippet":"max-snippet:-1","max-image-preview":"max-image-preview:large","max-video-preview":"max-video-preview:-1"},"canonical":"https:\/\/colegioaleph.edu.pe\/en\/strategic-alliances\/","og_locale":"en_US","og_type":"article","og_title":"Strategic Alliances - Aleph :: Sitio Web","og_description":"Strategic Alliances At Aleph, we aim to extend learning beyond the classroom. With this goal in mind, we have forged synergies with various profiles from cultural, scientific, environmental, entrepreneurial, and educational institutions that have international presence. Through these partnerships, we offer our students complimentary experiences that enhance their academic and soft skills, enabling them to [&hellip;]","og_url":"https:\/\/colegioaleph.edu.pe\/en\/strategic-alliances\/","og_site_name":"Aleph :: Sitio Web","article_modified_time":"2023-11-07T18:17:58+00:00","twitter_card":"summary_large_image","twitter_misc":{"Est. reading time":"10 minutes"},"schema":{"@context":"https:\/\/schema.org","@graph":[{"@type":"WebPage","@id":"https:\/\/colegioaleph.edu.pe\/en\/strategic-alliances\/","url":"https:\/\/colegioaleph.edu.pe\/en\/strategic-alliances\/","name":"Strategic Alliances - Aleph :: Sitio Web","isPartOf":{"@id":"https:\/\/colegioaleph.edu.pe\/en\/#website"},"datePublished":"2023-05-09T15:07:29+00:00","dateModified":"2023-11-07T18:17:58+00:00","breadcrumb":{"@id":"https:\/\/colegioaleph.edu.pe\/en\/strategic-alliances\/#breadcrumb"},"inLanguage":"en-US","potentialAction":[{"@type":"ReadAction","target":["https:\/\/colegioaleph.edu.pe\/en\/strategic-alliances\/"]}]},{"@type":"BreadcrumbList","@id":"https:\/\/colegioaleph.edu.pe\/en\/strategic-alliances\/#breadcrumb","itemListElement":[{"@type":"ListItem","position":1,"name":"Portada","item":"https:\/\/colegioaleph.edu.pe\/en\/home\/"},{"@type":"ListItem","position":2,"name":"Strategic Alliances"}]},{"@type":"WebSite","@id":"https:\/\/colegioaleph.edu.pe\/en\/#website","url":"https:\/\/colegioaleph.edu.pe\/en\/","name":"Aleph :: Sitio Web","description":"Somos una comunidad educativa innovadora de educaci\u00f3n b\u00e1sica, conformada por ni\u00f1os, padres y maestros.","potentialAction":[{"@type":"SearchAction","target":{"@type":"EntryPoint","urlTemplate":"https:\/\/colegioaleph.edu.pe\/en\/?s={search_term_string}"},"query-input":"required name=search_term_string"}],"inLanguage":"en-US"}]}},"_links":{"self":[{"href":"https:\/\/colegioaleph.edu.pe\/en\/wp-json\/wp\/v2\/pages\/3351"}],"collection":[{"href":"https:\/\/colegioaleph.edu.pe\/en\/wp-json\/wp\/v2\/pages"}],"about":[{"href":"https:\/\/colegioaleph.edu.pe\/en\/wp-json\/wp\/v2\/types\/page"}],"author":[{"embeddable":true,"href":"https:\/\/colegioaleph.edu.pe\/en\/wp-json\/wp\/v2\/users\/1"}],"replies":[{"embeddable":true,"href":"https:\/\/colegioaleph.edu.pe\/en\/wp-json\/wp\/v2\/comments?post=3351"}],"version-history":[{"count":9,"href":"https:\/\/colegioaleph.edu.pe\/en\/wp-json\/wp\/v2\/pages\/3351\/revisions"}],"predecessor-version":[{"id":3474,"href":"https:\/\/colegioaleph.edu.pe\/en\/wp-json\/wp\/v2\/pages\/3351\/revisions\/3474"}],"wp:attachment":[{"href":"https:\/\/colegioaleph.edu.pe\/en\/wp-json\/wp\/v2\/media?parent=3351"}],"curies":[{"name":"wp","href":"https:\/\/api.w.org\/{rel}","templated":true}]}}